{"id":6091,"date":"2025-10-29T02:57:03","date_gmt":"2025-10-29T01:57:03","guid":{"rendered":"https:\/\/cca-bourse.com\/?page_id=6091"},"modified":"2025-11-10T07:05:30","modified_gmt":"2025-11-10T06:05:30","slug":"ngono-epanlo-j-bibiane","status":"publish","type":"page","link":"https:\/\/cca-bourse.com\/index.php\/ngono-epanlo-j-bibiane\/","title":{"rendered":"NGONO Bibiane"},"content":{"rendered":"\t\t<div data-elementor-type=\"wp-page\" data-elementor-id=\"6091\" class=\"elementor elementor-6091\" data-elementor-post-type=\"page\">\n\t\t\t\t<div class=\"elementor-element elementor-element-9f131ec e-flex e-con-boxed e-con e-parent\" data-id=\"9f131ec\" data-element_type=\"container\">\n\t\t\t\t\t<div class=\"e-con-inner\">\n\t\t\t\t<div class=\"elementor-element elementor-element-600aa7c elementor-widget elementor-widget-heading\" data-id=\"600aa7c\" data-element_type=\"widget\" data-widget_type=\"heading.default\">\n\t\t\t\t\t<h2 class=\"elementor-heading-title elementor-size-default\"><a href=\"\/index.php\/notre-equipe\">Voir l'\u00e9quipe CCA Bourse<\/a><\/h2>\t\t\t\t<\/div>\n\t\t\t\t<div class=\"elementor-element elementor-element-1b9adcc elementor-widget elementor-widget-heading\" data-id=\"1b9adcc\" data-element_type=\"widget\" data-widget_type=\"heading.default\">\n\t\t\t\t\t<h2 class=\"elementor-heading-title elementor-size-default\">NGONO  Bibiane \n<\/h2>\t\t\t\t<\/div>\n\t\t\t\t<div class=\"elementor-element elementor-element-348915f elementor-widget elementor-widget-heading\" data-id=\"348915f\" data-element_type=\"widget\" data-widget_type=\"heading.default\">\n\t\t\t\t\t<h2 class=\"elementor-heading-title elementor-size-default\">Business Manager<\/h2>\t\t\t\t<\/div>\n\t\t\t\t<div class=\"elementor-element elementor-element-cbf3470 elementor-widget-divider--view-line_icon elementor-view-default elementor-widget-divider--element-align-center elementor-widget elementor-widget-divider\" data-id=\"cbf3470\" data-element_type=\"widget\" data-widget_type=\"divider.default\">\n\t\t\t\t\t\t\t<div class=\"elementor-divider\">\n\t\t\t<span class=\"elementor-divider-separator\">\n\t\t\t\t\t\t\t<div class=\"elementor-icon elementor-divider__element\">\n\t\t\t\t\t<svg aria-hidden=\"true\" class=\"e-font-icon-svg e-fas-star\" viewBox=\"0 0 576 512\" xmlns=\"http:\/\/www.w3.org\/2000\/svg\"><path d=\"M259.3 17.8L194 150.2 47.9 171.5c-26.2 3.8-36.7 36.1-17.7 54.6l105.7 103-25 145.5c-4.5 26.3 23.2 46 46.4 33.7L288 439.6l130.7 68.7c23.2 12.2 50.9-7.4 46.4-33.7l-25-145.5 105.7-103c19-18.5 8.5-50.8-17.7-54.6L382 150.2 316.7 17.8c-11.7-23.6-45.6-23.9-57.4 0z\"><\/path><\/svg><\/div>\n\t\t\t\t\t\t<\/span>\n\t\t<\/div>\n\t\t\t\t\t\t<\/div>\n\t\t<div class=\"elementor-element elementor-element-f2bf928 e-grid e-con-full e-con e-child\" data-id=\"f2bf928\" data-element_type=\"container\">\n\t\t<div class=\"elementor-element elementor-element-e5e5d57 e-con-full e-flex e-con e-child\" data-id=\"e5e5d57\" data-element_type=\"container\">\n\t\t\t\t<div class=\"elementor-element elementor-element-e785a94 elementor-widget elementor-widget-text-editor\" data-id=\"e785a94\" data-element_type=\"widget\" data-widget_type=\"text-editor.default\">\n\t\t\t\t\t\t\t\t\t<h3 data-start=\"102\" data-end=\"147\">Une carri\u00e8re inspirante dans la finance<\/h3><p data-start=\"149\" data-end=\"522\">Anim\u00e9e par la passion des chiffres et des relations humaines, <strong data-start=\"211\" data-end=\"235\">Bibiane Ngono <\/strong>s\u2019est impos\u00e9e comme une <strong data-start=\"260\" data-end=\"324\">r\u00e9f\u00e9rence du march\u00e9 financier et de la n\u00e9gociation boursi\u00e8re<\/strong> au Cameroun. Forte de plus de sept ann\u00e9es d\u2019exp\u00e9rience dans la <strong data-start=\"387\" data-end=\"441\">finance, l\u2019assurance et la gestion de portefeuille<\/strong>, elle conjugue <strong data-start=\"457\" data-end=\"519\">vision strat\u00e9gique, sens du r\u00e9sultat et leadership affirm\u00e9<\/strong>.<\/p><p data-start=\"524\" data-end=\"913\">Aujourd\u2019hui <strong data-start=\"536\" data-end=\"580\">business manager au sein de CCA Bourse<\/strong>, elle pilote la prospection, la promotion et la gestion des produits financiers (lev\u00e9 de fonds, emprunt obligataire, IPO etc ), tout en veillant \u00e0 la conformit\u00e9 r\u00e9glementaire et \u00e0 la satisfaction de la client\u00e8le. Sous sa direction, le volume de transactions a d\u00e9pass\u00e9 les <strong data-start=\"836\" data-end=\"858\">150 millions F CFA<\/strong>, avec un <strong data-start=\"868\" data-end=\"910\">encours sup\u00e9rieur \u00e0 10 milliards de F CFA<\/strong>.<\/p><p data-start=\"915\" data-end=\"1260\">Son parcours s\u2019est enrichi de passages remarqu\u00e9s chez <strong data-start=\"969\" data-end=\"989\">Allianz Cameroun<\/strong>, o\u00f9 elle a r\u00e9guli\u00e8rement d\u00e9pass\u00e9 ses objectifs commerciaux, d\u00e9crochant le <strong data-start=\"1098\" data-end=\"1142\">3\u1d49 prix du commercial le plus performant<\/strong>. Ces exp\u00e9riences ont renforc\u00e9 sa ma\u00eetrise du d\u00e9veloppement commercial, du conseil client et du management d\u2019\u00e9quipe.<\/p><p data-start=\"1262\" data-end=\"1486\">En parall\u00e8le, Bibiane consacre une partie de son temps au <strong data-start=\"1320\" data-end=\"1356\">coaching de vie et professionnel<\/strong>, accompagnant jeunes et adultes dans leur d\u00e9veloppement personnel, leur orientation et leur insertion dans le monde du travail.<\/p><p data-start=\"1488\" data-end=\"1684\">Polyvalente, rigoureuse et profond\u00e9ment humaine, <strong data-start=\"1537\" data-end=\"1595\">elle incarne une nouvelle g\u00e9n\u00e9ration de femmes leaders<\/strong> qui fa\u00e7onnent avec d\u00e9termination et excellence le futur du secteur financier africain.<\/p>\t\t\t\t\t\t\t\t<\/div>\n\t\t\t\t<\/div>\n\t\t<div class=\"elementor-element elementor-element-b1c459c e-con-full e-flex e-con e-child\" data-id=\"b1c459c\" data-element_type=\"container\" data-settings=\"{&quot;background_background&quot;:&quot;classic&quot;}\">\n\t\t\t\t<\/div>\n\t\t\t\t<\/div>\n\t\t\t\t\t<\/div>\n\t\t\t\t<\/div>\n\t\t\t\t<\/div>\n\t\t","protected":false},"excerpt":{"rendered":"<p>Voir l&rsquo;\u00e9quipe CCA Bourse NGONO Bibiane Business Manager Une carri\u00e8re inspirante dans la finance Anim\u00e9e par la passion des chiffres [&hellip;]<\/p>\n","protected":false},"author":1,"featured_media":0,"parent":0,"menu_order":0,"comment_status":"closed","ping_status":"closed","template":"elementor_header_footer","meta":{"_acf_changed":false,"ocean_post_layout":"","ocean_both_sidebars_style":"","ocean_both_sidebars_content_width":0,"ocean_both_sidebars_sidebars_width":0,"ocean_sidebar":"","ocean_second_sidebar":"","ocean_disable_margins":"enable","ocean_add_body_class":"","ocean_shortcode_before_top_bar":"","ocean_shortcode_after_top_bar":"","ocean_shortcode_before_header":"","ocean_shortcode_after_header":"","ocean_has_shortcode":"","ocean_shortcode_after_title":"","ocean_shortcode_before_footer_widgets":"","ocean_shortcode_after_footer_widgets":"","ocean_shortcode_before_footer_bottom":"","ocean_shortcode_after_footer_bottom":"","ocean_display_top_bar":"default","ocean_display_header":"default","ocean_header_style":"","ocean_center_header_left_menu":"","ocean_custom_header_template":"","ocean_custom_logo":0,"ocean_custom_retina_logo":0,"ocean_custom_logo_max_width":0,"ocean_custom_logo_tablet_max_width":0,"ocean_custom_logo_mobile_max_width":0,"ocean_custom_logo_max_height":0,"ocean_custom_logo_tablet_max_height":0,"ocean_custom_logo_mobile_max_height":0,"ocean_header_custom_menu":"","ocean_menu_typo_font_family":"","ocean_menu_typo_font_subset":"","ocean_menu_typo_font_size":0,"ocean_menu_typo_font_size_tablet":0,"ocean_menu_typo_font_size_mobile":0,"ocean_menu_typo_font_size_unit":"px","ocean_menu_typo_font_weight":"","ocean_menu_typo_font_weight_tablet":"","ocean_menu_typo_font_weight_mobile":"","ocean_menu_typo_transform":"","ocean_menu_typo_transform_tablet":"","ocean_menu_typo_transform_mobile":"","ocean_menu_typo_line_height":0,"ocean_menu_typo_line_height_tablet":0,"ocean_menu_typo_line_height_mobile":0,"ocean_menu_typo_line_height_unit":"","ocean_menu_typo_spacing":0,"ocean_menu_typo_spacing_tablet":0,"ocean_menu_typo_spacing_mobile":0,"ocean_menu_typo_spacing_unit":"","ocean_menu_link_color":"","ocean_menu_link_color_hover":"","ocean_menu_link_color_active":"","ocean_menu_link_background":"","ocean_menu_link_hover_background":"","ocean_menu_link_active_background":"","ocean_menu_social_links_bg":"","ocean_menu_social_hover_links_bg":"","ocean_menu_social_links_color":"","ocean_menu_social_hover_links_color":"","ocean_disable_title":"on","ocean_disable_heading":"default","ocean_post_title":"","ocean_post_subheading":"","ocean_post_title_style":"","ocean_post_title_background_color":"","ocean_post_title_background":0,"ocean_post_title_bg_image_position":"","ocean_post_title_bg_image_attachment":"","ocean_post_title_bg_image_repeat":"","ocean_post_title_bg_image_size":"","ocean_post_title_height":0,"ocean_post_title_bg_overlay":0.5,"ocean_post_title_bg_overlay_color":"","ocean_disable_breadcrumbs":"default","ocean_breadcrumbs_color":"","ocean_breadcrumbs_separator_color":"","ocean_breadcrumbs_links_color":"","ocean_breadcrumbs_links_hover_color":"","ocean_display_footer_widgets":"default","ocean_display_footer_bottom":"default","ocean_custom_footer_template":"","_joinchat":[],"footnotes":""},"class_list":["post-6091","page","type-page","status-publish","hentry","entry"],"acf":[],"_links":{"self":[{"href":"https:\/\/cca-bourse.com\/index.php\/wp-json\/wp\/v2\/pages\/6091","targetHints":{"allow":["GET"]}}],"collection":[{"href":"https:\/\/cca-bourse.com\/index.php\/wp-json\/wp\/v2\/pages"}],"about":[{"href":"https:\/\/cca-bourse.com\/index.php\/wp-json\/wp\/v2\/types\/page"}],"author":[{"embeddable":true,"href":"https:\/\/cca-bourse.com\/index.php\/wp-json\/wp\/v2\/users\/1"}],"replies":[{"embeddable":true,"href":"https:\/\/cca-bourse.com\/index.php\/wp-json\/wp\/v2\/comments?post=6091"}],"version-history":[{"count":14,"href":"https:\/\/cca-bourse.com\/index.php\/wp-json\/wp\/v2\/pages\/6091\/revisions"}],"predecessor-version":[{"id":6213,"href":"https:\/\/cca-bourse.com\/index.php\/wp-json\/wp\/v2\/pages\/6091\/revisions\/6213"}],"wp:attachment":[{"href":"https:\/\/cca-bourse.com\/index.php\/wp-json\/wp\/v2\/media?parent=6091"}],"curies":[{"name":"wp","href":"https:\/\/api.w.org\/{rel}","templated":true}]}}