{"id":6021,"date":"2025-10-09T21:25:49","date_gmt":"2025-10-09T19:25:49","guid":{"rendered":"https:\/\/cca-bourse.com\/?page_id=6021"},"modified":"2025-11-03T12:35:35","modified_gmt":"2025-11-03T11:35:35","slug":"rodrigue-moukala","status":"publish","type":"page","link":"https:\/\/cca-bourse.com\/index.php\/rodrigue-moukala\/","title":{"rendered":"Rodrigue MOUKALA"},"content":{"rendered":"\t\t<div data-elementor-type=\"wp-page\" data-elementor-id=\"6021\" class=\"elementor elementor-6021\" data-elementor-post-type=\"page\">\n\t\t\t\t<div class=\"elementor-element elementor-element-9f131ec e-flex e-con-boxed e-con e-parent\" data-id=\"9f131ec\" data-element_type=\"container\">\n\t\t\t\t\t<div class=\"e-con-inner\">\n\t\t\t\t<div class=\"elementor-element elementor-element-600aa7c elementor-widget elementor-widget-heading\" data-id=\"600aa7c\" data-element_type=\"widget\" data-widget_type=\"heading.default\">\n\t\t\t\t\t<h2 class=\"elementor-heading-title elementor-size-default\"><a href=\"\/index.php\/notre-equipe\">Voir l'\u00e9quipe CCA Bourse<\/a><\/h2>\t\t\t\t<\/div>\n\t\t\t\t<div class=\"elementor-element elementor-element-1b9adcc elementor-widget elementor-widget-heading\" data-id=\"1b9adcc\" data-element_type=\"widget\" data-widget_type=\"heading.default\">\n\t\t\t\t\t<h2 class=\"elementor-heading-title elementor-size-default\">Rodrigue MOUKALA<\/h2>\t\t\t\t<\/div>\n\t\t\t\t<div class=\"elementor-element elementor-element-348915f elementor-widget elementor-widget-heading\" data-id=\"348915f\" data-element_type=\"widget\" data-widget_type=\"heading.default\">\n\t\t\t\t\t<h2 class=\"elementor-heading-title elementor-size-default\">DG &amp; Expert en Tr\u00e9sorie<\/h2>\t\t\t\t<\/div>\n\t\t\t\t<div class=\"elementor-element elementor-element-cbf3470 elementor-widget-divider--view-line_icon elementor-view-default elementor-widget-divider--element-align-center elementor-widget elementor-widget-divider\" data-id=\"cbf3470\" data-element_type=\"widget\" data-widget_type=\"divider.default\">\n\t\t\t\t\t\t\t<div class=\"elementor-divider\">\n\t\t\t<span class=\"elementor-divider-separator\">\n\t\t\t\t\t\t\t<div class=\"elementor-icon elementor-divider__element\">\n\t\t\t\t\t<svg aria-hidden=\"true\" class=\"e-font-icon-svg e-fas-star\" viewBox=\"0 0 576 512\" xmlns=\"http:\/\/www.w3.org\/2000\/svg\"><path d=\"M259.3 17.8L194 150.2 47.9 171.5c-26.2 3.8-36.7 36.1-17.7 54.6l105.7 103-25 145.5c-4.5 26.3 23.2 46 46.4 33.7L288 439.6l130.7 68.7c23.2 12.2 50.9-7.4 46.4-33.7l-25-145.5 105.7-103c19-18.5 8.5-50.8-17.7-54.6L382 150.2 316.7 17.8c-11.7-23.6-45.6-23.9-57.4 0z\"><\/path><\/svg><\/div>\n\t\t\t\t\t\t<\/span>\n\t\t<\/div>\n\t\t\t\t\t\t<\/div>\n\t\t<div class=\"elementor-element elementor-element-f2bf928 e-grid e-con-full e-con e-child\" data-id=\"f2bf928\" data-element_type=\"container\">\n\t\t<div class=\"elementor-element elementor-element-e5e5d57 e-con-full e-flex e-con e-child\" data-id=\"e5e5d57\" data-element_type=\"container\">\n\t\t\t\t<div class=\"elementor-element elementor-element-e785a94 elementor-widget elementor-widget-text-editor\" data-id=\"e785a94\" data-element_type=\"widget\" data-widget_type=\"text-editor.default\">\n\t\t\t\t\t\t\t\t\t<h3 data-start=\"182\" data-end=\"217\">Son parcours en quelques mots<\/h3><p data-start=\"219\" data-end=\"579\">Tr\u00e9sorier chevronn\u00e9, Rodrigue Moukala s\u2019est forg\u00e9 une solide expertise dans la gestion de la liquidit\u00e9, les placements structur\u00e9s et la couverture du risque de change. Fort de pr\u00e8s de deux d\u00e9cennies d\u2019exp\u00e9rience dans le secteur bancaire et financier, il conjugue rigueur analytique, vision strat\u00e9gique et parfaite ma\u00eetrise du cadre r\u00e9glementaire de la CEMAC.<\/p><p data-start=\"581\" data-end=\"996\">Dipl\u00f4m\u00e9 de l\u2019ESSEC Douala et titulaire d\u2019un MBA en administration des affaires, il a \u00e9galement compl\u00e9t\u00e9 plusieurs certifications sp\u00e9cialis\u00e9es, notamment le <em data-start=\"737\" data-end=\"775\">Treasury Certification Program (TCP)<\/em> et la certification <em data-start=\"796\" data-end=\"807\">Bloomberg<\/em> \u00e0 Lom\u00e9. Ces formations ont renforc\u00e9 sa capacit\u00e9 \u00e0 concevoir et \u00e0 d\u00e9ployer des strat\u00e9gies financi\u00e8res innovantes, adapt\u00e9es aux march\u00e9s \u00e9mergents et aux contraintes r\u00e9glementaires locales.<\/p><p data-start=\"998\" data-end=\"1487\">Au fil de son parcours, Rodrigue a occup\u00e9 plusieurs postes \u00e0 haute responsabilit\u00e9, notamment au sein d\u2019Ecobank Cameroun o\u00f9 il a pilot\u00e9 l\u2019Asset &amp; Liability Management (ALM), structur\u00e9 des produits d\u00e9riv\u00e9s pour la couverture de change et anim\u00e9 les comit\u00e9s ALCO. Son passage \u00e0 Access Bank Cameroon en tant que Directeur de Tr\u00e9sorerie lui a permis d\u2019accompagner la banque dans l\u2019atteinte rapide de son seuil critique de rentabilit\u00e9 gr\u00e2ce \u00e0 une gestion performante des produits de tr\u00e9sorerie.<\/p><p data-start=\"1489\" data-end=\"1868\">Depuis avril 2023, il dirige <strong data-start=\"1518\" data-end=\"1542\">ESS Asset Management<\/strong>, o\u00f9 il supervise la gestion des mandats et des OPCVM, tout en mettant en place les processus op\u00e9rationnels et les interconnexions avec la Banque Centrale. Son leadership, sa vision financi\u00e8re et sa polyvalence font de lui un acteur cl\u00e9 dans la modernisation et la performance des institutions financi\u00e8res de la sous-r\u00e9gion.<\/p>\t\t\t\t\t\t\t\t<\/div>\n\t\t\t\t<\/div>\n\t\t<div class=\"elementor-element elementor-element-b1c459c e-con-full e-flex e-con e-child\" data-id=\"b1c459c\" data-element_type=\"container\" data-settings=\"{&quot;background_background&quot;:&quot;classic&quot;}\">\n\t\t\t\t<\/div>\n\t\t\t\t<\/div>\n\t\t\t\t\t<\/div>\n\t\t\t\t<\/div>\n\t\t\t\t<\/div>\n\t\t","protected":false},"excerpt":{"rendered":"<p>Voir l&rsquo;\u00e9quipe CCA Bourse Rodrigue MOUKALA DG &amp; Expert en Tr\u00e9sorie Son parcours en quelques mots Tr\u00e9sorier chevronn\u00e9, Rodrigue Moukala [&hellip;]<\/p>\n","protected":false},"author":1,"featured_media":0,"parent":0,"menu_order":0,"comment_status":"closed","ping_status":"closed","template":"elementor_header_footer","meta":{"_acf_changed":false,"ocean_post_layout":"","ocean_both_sidebars_style":"","ocean_both_sidebars_content_width":0,"ocean_both_sidebars_sidebars_width":0,"ocean_sidebar":"","ocean_second_sidebar":"","ocean_disable_margins":"enable","ocean_add_body_class":"","ocean_shortcode_before_top_bar":"","ocean_shortcode_after_top_bar":"","ocean_shortcode_before_header":"","ocean_shortcode_after_header":"","ocean_has_shortcode":"","ocean_shortcode_after_title":"","ocean_shortcode_before_footer_widgets":"","ocean_shortcode_after_footer_widgets":"","ocean_shortcode_before_footer_bottom":"","ocean_shortcode_after_footer_bottom":"","ocean_display_top_bar":"default","ocean_display_header":"default","ocean_header_style":"","ocean_center_header_left_menu":"","ocean_custom_header_template":"","ocean_custom_logo":0,"ocean_custom_retina_logo":0,"ocean_custom_logo_max_width":0,"ocean_custom_logo_tablet_max_width":0,"ocean_custom_logo_mobile_max_width":0,"ocean_custom_logo_max_height":0,"ocean_custom_logo_tablet_max_height":0,"ocean_custom_logo_mobile_max_height":0,"ocean_header_custom_menu":"","ocean_menu_typo_font_family":"","ocean_menu_typo_font_subset":"","ocean_menu_typo_font_size":0,"ocean_menu_typo_font_size_tablet":0,"ocean_menu_typo_font_size_mobile":0,"ocean_menu_typo_font_size_unit":"px","ocean_menu_typo_font_weight":"","ocean_menu_typo_font_weight_tablet":"","ocean_menu_typo_font_weight_mobile":"","ocean_menu_typo_transform":"","ocean_menu_typo_transform_tablet":"","ocean_menu_typo_transform_mobile":"","ocean_menu_typo_line_height":0,"ocean_menu_typo_line_height_tablet":0,"ocean_menu_typo_line_height_mobile":0,"ocean_menu_typo_line_height_unit":"","ocean_menu_typo_spacing":0,"ocean_menu_typo_spacing_tablet":0,"ocean_menu_typo_spacing_mobile":0,"ocean_menu_typo_spacing_unit":"","ocean_menu_link_color":"","ocean_menu_link_color_hover":"","ocean_menu_link_color_active":"","ocean_menu_link_background":"","ocean_menu_link_hover_background":"","ocean_menu_link_active_background":"","ocean_menu_social_links_bg":"","ocean_menu_social_hover_links_bg":"","ocean_menu_social_links_color":"","ocean_menu_social_hover_links_color":"","ocean_disable_title":"on","ocean_disable_heading":"default","ocean_post_title":"","ocean_post_subheading":"","ocean_post_title_style":"","ocean_post_title_background_color":"","ocean_post_title_background":0,"ocean_post_title_bg_image_position":"","ocean_post_title_bg_image_attachment":"","ocean_post_title_bg_image_repeat":"","ocean_post_title_bg_image_size":"","ocean_post_title_height":0,"ocean_post_title_bg_overlay":0.5,"ocean_post_title_bg_overlay_color":"","ocean_disable_breadcrumbs":"default","ocean_breadcrumbs_color":"","ocean_breadcrumbs_separator_color":"","ocean_breadcrumbs_links_color":"","ocean_breadcrumbs_links_hover_color":"","ocean_display_footer_widgets":"default","ocean_display_footer_bottom":"default","ocean_custom_footer_template":"","_joinchat":[],"footnotes":""},"class_list":["post-6021","page","type-page","status-publish","hentry","entry"],"acf":[],"_links":{"self":[{"href":"https:\/\/cca-bourse.com\/index.php\/wp-json\/wp\/v2\/pages\/6021","targetHints":{"allow":["GET"]}}],"collection":[{"href":"https:\/\/cca-bourse.com\/index.php\/wp-json\/wp\/v2\/pages"}],"about":[{"href":"https:\/\/cca-bourse.com\/index.php\/wp-json\/wp\/v2\/types\/page"}],"author":[{"embeddable":true,"href":"https:\/\/cca-bourse.com\/index.php\/wp-json\/wp\/v2\/users\/1"}],"replies":[{"embeddable":true,"href":"https:\/\/cca-bourse.com\/index.php\/wp-json\/wp\/v2\/comments?post=6021"}],"version-history":[{"count":22,"href":"https:\/\/cca-bourse.com\/index.php\/wp-json\/wp\/v2\/pages\/6021\/revisions"}],"predecessor-version":[{"id":6178,"href":"https:\/\/cca-bourse.com\/index.php\/wp-json\/wp\/v2\/pages\/6021\/revisions\/6178"}],"wp:attachment":[{"href":"https:\/\/cca-bourse.com\/index.php\/wp-json\/wp\/v2\/media?parent=6021"}],"curies":[{"name":"wp","href":"https:\/\/api.w.org\/{rel}","templated":true}]}}