{"id":5997,"date":"2025-10-09T19:13:03","date_gmt":"2025-10-09T17:13:03","guid":{"rendered":"https:\/\/cca-bourse.com\/?page_id=5997"},"modified":"2025-12-19T07:06:08","modified_gmt":"2025-12-19T06:06:08","slug":"notre-equipe","status":"publish","type":"page","link":"https:\/\/cca-bourse.com\/index.php\/notre-equipe\/","title":{"rendered":"Notre \u00e9quipe"},"content":{"rendered":"\t\t<div data-elementor-type=\"wp-page\" data-elementor-id=\"5997\" class=\"elementor elementor-5997\" data-elementor-post-type=\"page\">\n\t\t\t\t<div class=\"elementor-element elementor-element-7ff7626 e-flex e-con-boxed e-con e-parent\" data-id=\"7ff7626\" data-element_type=\"container\">\n\t\t\t\t\t<div class=\"e-con-inner\">\n\t\t\t\t<div class=\"elementor-element elementor-element-40c2e8e elementor-widget elementor-widget-heading\" data-id=\"40c2e8e\" data-element_type=\"widget\" data-widget_type=\"heading.default\">\n\t\t\t\t\t<h2 class=\"elementor-heading-title elementor-size-default\">\nNotre \u00e9quipe<\/h2>\t\t\t\t<\/div>\n\t\t<div class=\"elementor-element elementor-element-030ada8 e-con-full e-flex e-con e-child\" data-id=\"030ada8\" data-element_type=\"container\">\n\t\t<div class=\"elementor-element elementor-element-8812268 e-con-full e-flex e-con e-child\" data-id=\"8812268\" data-element_type=\"container\">\n\t\t\t\t<div class=\"elementor-element elementor-element-6670242 elementor-widget elementor-widget-wcf--title\" data-id=\"6670242\" data-element_type=\"widget\" data-widget_type=\"wcf--title.default\">\n\t\t\t\t<div class=\"elementor-widget-container\">\n\t\t\t\t\t<h2 class=\"wcf--title\">Des <span class=\"highlight\">professionnels<\/span> exp\u00e9riment\u00e9s \u00e0 votre \u00e9coute<\/h2>\t\t\t\t<\/div>\n\t\t\t\t<\/div>\n\t\t\t\t<div class=\"elementor-element elementor-element-488bad7 elementor-widget elementor-widget-heading\" data-id=\"488bad7\" data-element_type=\"widget\" data-widget_type=\"heading.default\">\n\t\t\t\t\t<h2 class=\"elementor-heading-title elementor-size-default\">Consulter nos profils<\/h2>\t\t\t\t<\/div>\n\t\t\t\t<\/div>\n\t\t<div class=\"elementor-element elementor-element-ca63189 e-con-full elementor-hidden-desktop elementor-hidden-tablet elementor-hidden-mobile e-flex e-con e-child\" data-id=\"ca63189\" data-element_type=\"container\" data-settings=\"{&quot;background_background&quot;:&quot;classic&quot;}\">\n\t\t\t\t<div class=\"elementor-element elementor-element-a6b04a2 elementor-widget elementor-widget-image\" data-id=\"a6b04a2\" data-element_type=\"widget\" data-widget_type=\"image.default\">\n\t\t\t\t\t\t\t\t\t\t\t\t\t\t\t<img fetchpriority=\"high\" decoding=\"async\" width=\"476\" height=\"413\" src=\"https:\/\/cca-bourse.com\/wp-content\/uploads\/2025\/12\/Layer_1.svg\" class=\"attachment-full size-full wp-image-6663\" alt=\"\" \/>\t\t\t\t\t\t\t\t\t\t\t\t\t\t\t<\/div>\n\t\t\t\t<\/div>\n\t\t\t\t<\/div>\n\t\t\t\t\t<\/div>\n\t\t\t\t<\/div>\n\t\t<div class=\"elementor-element elementor-element-9eebafc e-con-full e-flex e-con e-parent\" data-id=\"9eebafc\" data-element_type=\"container\" data-settings=\"{&quot;background_background&quot;:&quot;classic&quot;}\">\n\t\t\t\t<div class=\"elementor-element elementor-element-06033a8 elementor-widget-divider--view-line_icon elementor-view-default elementor-widget-divider--element-align-center elementor-widget elementor-widget-divider\" data-id=\"06033a8\" data-element_type=\"widget\" data-widget_type=\"divider.default\">\n\t\t\t\t\t\t\t<div class=\"elementor-divider\">\n\t\t\t<span class=\"elementor-divider-separator\">\n\t\t\t\t\t\t\t<div class=\"elementor-icon elementor-divider__element\">\n\t\t\t\t\t<svg aria-hidden=\"true\" class=\"e-font-icon-svg e-fas-star\" viewBox=\"0 0 576 512\" xmlns=\"http:\/\/www.w3.org\/2000\/svg\"><path d=\"M259.3 17.8L194 150.2 47.9 171.5c-26.2 3.8-36.7 36.1-17.7 54.6l105.7 103-25 145.5c-4.5 26.3 23.2 46 46.4 33.7L288 439.6l130.7 68.7c23.2 12.2 50.9-7.4 46.4-33.7l-25-145.5 105.7-103c19-18.5 8.5-50.8-17.7-54.6L382 150.2 316.7 17.8c-11.7-23.6-45.6-23.9-57.4 0z\"><\/path><\/svg><\/div>\n\t\t\t\t\t\t<\/span>\n\t\t<\/div>\n\t\t\t\t\t\t<\/div>\n\t\t\t\t<\/div>\n\t\t<div class=\"elementor-element elementor-element-bd1d161 e-flex e-con-boxed e-con e-parent\" data-id=\"bd1d161\" data-element_type=\"container\">\n\t\t\t\t\t<div class=\"e-con-inner\">\n\t\t<div class=\"elementor-element elementor-element-3eddcfe e-con-full e-flex e-con e-child\" data-id=\"3eddcfe\" data-element_type=\"container\">\n\t\t\t\t<div class=\"elementor-element elementor-element-087e36f elementor-widget elementor-widget-wcf--title\" data-id=\"087e36f\" data-element_type=\"widget\" data-widget_type=\"wcf--title.default\">\n\t\t\t\t<div class=\"elementor-widget-container\">\n\t\t\t\t\t<h2 class=\"wcf--title\">Une <span class=\"highlight\"> \u00e9quipe agile <\/span> et <span class=\"highlight\">innovante<\/span>, des profils compl\u00e9mentaires et vari\u00e9s pour <span class=\"highlight\">r\u00e9pondre \u00e0 vos besoins<\/span><\/h2>\t\t\t\t<\/div>\n\t\t\t\t<\/div>\n\t\t\t\t<\/div>\n\t\t<div class=\"elementor-element elementor-element-6ee127d e-con-full e-flex e-con e-child\" data-id=\"6ee127d\" data-element_type=\"container\">\n\t\t\t\t<div class=\"elementor-element elementor-element-c1817df elementor-widget elementor-widget-text-editor\" data-id=\"c1817df\" data-element_type=\"widget\" data-widget_type=\"text-editor.default\">\n\t\t\t\t\t\t\t\t\t<p>Nos<strong>&nbsp;expert\u00b7e\u00b7s<\/strong>&nbsp;sont des dirigeant\u00b7e\u00b7s exp\u00e9riment\u00e9\u00b7e\u00b7s qui ont occup\u00e9 des fonctions cl\u00e9s aussi bien dans des entreprises priv\u00e9es que des organisations. Au fil du temps, nous avons \u00e9galement b\u00e2ti un&nbsp;<strong>r\u00e9seau de partenaires externes&nbsp;<\/strong>sp\u00e9cialis\u00e9\u00b7e\u00b7s. Nous pouvons ainsi faire appel aux meilleurs profils pour compl\u00e9ter les comp\u00e9tences de nos expert\u00b7e\u00b7s si, par sa complexit\u00e9, un projet n\u00e9cessite une expertise tr\u00e8s particuli\u00e8re.<\/p>\n<p>Nos<strong>&nbsp;expert\u00b7e\u00b7s<\/strong>&nbsp;et&nbsp;<strong>partenaires<\/strong>&nbsp;sont entour\u00e9\u00b7e\u00b7s d\u2019une<strong>&nbsp;\u00e9quipe op\u00e9rationnelle&nbsp;<\/strong>d\u00e9vou\u00e9e et dynamique, qui constitue le c\u0153ur de notre Excellence Center. C&rsquo;est elle qui est charg\u00e9e de la gestion des projets ainsi que de l\u2019\u00e9laboration, du suivi et de la mise en \u0153uvre des solutions d\u00e9velopp\u00e9es.<\/p>\n<p>CCA Bourse est \u00e9galement compos\u00e9 d\u2019une formidable&nbsp;<strong>\u00e9quipe administrative<\/strong>&nbsp;dont le r\u00f4le est de soutenir les \u00e9quipes projets et assurer le d\u00e9veloppement des activit\u00e9s du cabinet.<\/p>\t\t\t\t\t\t\t\t<\/div>\n\t\t\t\t<\/div>\n\t\t\t\t\t<\/div>\n\t\t\t\t<\/div>\n\t\t<div class=\"elementor-element elementor-element-c09fd28 e-flex e-con-boxed e-con e-parent\" data-id=\"c09fd28\" data-element_type=\"container\">\n\t\t\t\t\t<div class=\"e-con-inner\">\n\t\t\t\t<div class=\"elementor-element elementor-element-49d7678 elementor-widget elementor-widget-heading\" data-id=\"49d7678\" data-element_type=\"widget\" data-widget_type=\"heading.default\">\n\t\t\t\t\t<h2 class=\"elementor-heading-title elementor-size-default\">Nos talents<\/h2>\t\t\t\t<\/div>\n\t\t<div class=\"elementor-element elementor-element-4a319f9 e-grid e-con-full e-con e-child\" data-id=\"4a319f9\" data-element_type=\"container\">\n\t\t<div class=\"elementor-element elementor-element-5027d49 e-con-full e-flex e-con e-child\" data-id=\"5027d49\" data-element_type=\"container\">\n\t\t<div class=\"elementor-element elementor-element-ffe8f5f e-con-full e-flex e-con e-child\" data-id=\"ffe8f5f\" data-element_type=\"container\">\n\t\t\t\t<div class=\"elementor-element elementor-element-083a7ac elementor-widget elementor-widget-heading\" data-id=\"083a7ac\" data-element_type=\"widget\" data-widget_type=\"heading.default\">\n\t\t\t\t\t<h2 class=\"elementor-heading-title elementor-size-default\">Rodrigue MOUKALA<\/h2>\t\t\t\t<\/div>\n\t\t\t\t<div class=\"elementor-element elementor-element-c739c21 elementor-widget elementor-widget-heading\" data-id=\"c739c21\" data-element_type=\"widget\" data-widget_type=\"heading.default\">\n\t\t\t\t\t<h2 class=\"elementor-heading-title elementor-size-default\">Directeur G\u00e9n\u00e9ral<\/h2>\t\t\t\t<\/div>\n\t\t\t\t<\/div>\n\t\t\t\t<div class=\"elementor-element elementor-element-2b392ab elementor-widget elementor-widget-image\" data-id=\"2b392ab\" data-element_type=\"widget\" data-widget_type=\"image.default\">\n\t\t\t\t\t\t\t\t\t\t\t\t\t\t\t\t<a href=\"\/index.php\/rodrigue-moukala\/\">\n\t\t\t\t\t\t\t<img decoding=\"async\" width=\"500\" height=\"500\" src=\"https:\/\/cca-bourse.com\/wp-content\/uploads\/2025\/10\/im3.png\" class=\"elementor-animation-bob attachment-full size-full wp-image-6078\" alt=\"\" srcset=\"https:\/\/cca-bourse.com\/wp-content\/uploads\/2025\/10\/im3.png 500w, https:\/\/cca-bourse.com\/wp-content\/uploads\/2025\/10\/im3-300x300.png 300w, https:\/\/cca-bourse.com\/wp-content\/uploads\/2025\/10\/im3-150x150.png 150w\" sizes=\"(max-width: 500px) 100vw, 500px\" \/>\t\t\t\t\t\t\t\t<\/a>\n\t\t\t\t\t\t\t\t\t\t\t\t\t\t\t<\/div>\n\t\t\t\t<\/div>\n\t\t<div class=\"elementor-element elementor-element-e9528db e-con-full e-flex e-con e-child\" data-id=\"e9528db\" data-element_type=\"container\">\n\t\t<div class=\"elementor-element elementor-element-e02b937 e-con-full e-flex e-con e-child\" data-id=\"e02b937\" data-element_type=\"container\">\n\t\t\t\t<div class=\"elementor-element elementor-element-a3c19e0 elementor-widget elementor-widget-heading\" data-id=\"a3c19e0\" data-element_type=\"widget\" data-widget_type=\"heading.default\">\n\t\t\t\t\t<h2 class=\"elementor-heading-title elementor-size-default\">Hilaire NKUIE<\/h2>\t\t\t\t<\/div>\n\t\t\t\t<div class=\"elementor-element elementor-element-7b58753 elementor-widget elementor-widget-heading\" data-id=\"7b58753\" data-element_type=\"widget\" data-widget_type=\"heading.default\">\n\t\t\t\t\t<h2 class=\"elementor-heading-title elementor-size-default\">Responsable du Contr\u00f4le<\/h2>\t\t\t\t<\/div>\n\t\t\t\t<\/div>\n\t\t\t\t<div class=\"elementor-element elementor-element-33f7dfd elementor-widget elementor-widget-image\" data-id=\"33f7dfd\" data-element_type=\"widget\" data-widget_type=\"image.default\">\n\t\t\t\t\t\t\t\t\t\t\t\t\t\t\t<img decoding=\"async\" width=\"500\" height=\"500\" src=\"https:\/\/cca-bourse.com\/wp-content\/uploads\/2025\/10\/im1.png\" class=\"elementor-animation-bob attachment-full size-full wp-image-6080\" alt=\"\" srcset=\"https:\/\/cca-bourse.com\/wp-content\/uploads\/2025\/10\/im1.png 500w, https:\/\/cca-bourse.com\/wp-content\/uploads\/2025\/10\/im1-300x300.png 300w, https:\/\/cca-bourse.com\/wp-content\/uploads\/2025\/10\/im1-150x150.png 150w\" sizes=\"(max-width: 500px) 100vw, 500px\" \/>\t\t\t\t\t\t\t\t\t\t\t\t\t\t\t<\/div>\n\t\t\t\t<\/div>\n\t\t<div class=\"elementor-element elementor-element-a621256 e-con-full e-flex e-con e-child\" data-id=\"a621256\" data-element_type=\"container\">\n\t\t<div class=\"elementor-element elementor-element-ba50878 e-con-full e-flex e-con e-child\" data-id=\"ba50878\" data-element_type=\"container\">\n\t\t\t\t<div class=\"elementor-element elementor-element-2725b7d elementor-widget elementor-widget-heading\" data-id=\"2725b7d\" data-element_type=\"widget\" data-widget_type=\"heading.default\">\n\t\t\t\t\t<h2 class=\"elementor-heading-title elementor-size-default\"><a href=\"\/index.php\/ngono-epanlo-j-bibiane\/\">NGONO Bibiane<\/a><\/h2>\t\t\t\t<\/div>\n\t\t\t\t<div class=\"elementor-element elementor-element-04a3cf6 elementor-widget elementor-widget-heading\" data-id=\"04a3cf6\" data-element_type=\"widget\" data-widget_type=\"heading.default\">\n\t\t\t\t\t<h2 class=\"elementor-heading-title elementor-size-default\"><a href=\"\/index.php\/ngono-epanlo-j-bibiane\/\">Business manager<\/a><\/h2>\t\t\t\t<\/div>\n\t\t\t\t<\/div>\n\t\t\t\t<div class=\"elementor-element elementor-element-2f3f961 elementor-widget elementor-widget-image\" data-id=\"2f3f961\" data-element_type=\"widget\" data-widget_type=\"image.default\">\n\t\t\t\t\t\t\t\t\t\t\t\t\t\t\t\t<a href=\"\/index.php\/ngono-epanlo-j-bibiane\/\">\n\t\t\t\t\t\t\t<img loading=\"lazy\" decoding=\"async\" width=\"500\" height=\"500\" src=\"https:\/\/cca-bourse.com\/wp-content\/uploads\/2025\/11\/Untitled-1.png\" class=\"elementor-animation-bob attachment-full size-full wp-image-6206\" alt=\"\" srcset=\"https:\/\/cca-bourse.com\/wp-content\/uploads\/2025\/11\/Untitled-1.png 500w, https:\/\/cca-bourse.com\/wp-content\/uploads\/2025\/11\/Untitled-1-300x300.png 300w, https:\/\/cca-bourse.com\/wp-content\/uploads\/2025\/11\/Untitled-1-150x150.png 150w\" sizes=\"(max-width: 500px) 100vw, 500px\" \/>\t\t\t\t\t\t\t\t<\/a>\n\t\t\t\t\t\t\t\t\t\t\t\t\t\t\t<\/div>\n\t\t\t\t<\/div>\n\t\t\t\t<\/div>\n\t\t<div class=\"elementor-element elementor-element-0637243 e-grid e-con-full e-con e-child\" data-id=\"0637243\" data-element_type=\"container\">\n\t\t<div class=\"elementor-element elementor-element-6c8475b e-con-full e-flex e-con e-child\" data-id=\"6c8475b\" data-element_type=\"container\">\n\t\t<div class=\"elementor-element elementor-element-87b23bd e-con-full e-flex e-con e-child\" data-id=\"87b23bd\" data-element_type=\"container\">\n\t\t\t\t<div class=\"elementor-element elementor-element-7b2e560 elementor-widget elementor-widget-heading\" data-id=\"7b2e560\" data-element_type=\"widget\" data-widget_type=\"heading.default\">\n\t\t\t\t\t<h2 class=\"elementor-heading-title elementor-size-default\"><a href=\"\/index.php\/foyang-sapi-styven\/\">FOYANG SAPI STYVEN<\/a><\/h2>\t\t\t\t<\/div>\n\t\t\t\t<div class=\"elementor-element elementor-element-e42141b elementor-widget elementor-widget-heading\" data-id=\"e42141b\" data-element_type=\"widget\" data-widget_type=\"heading.default\">\n\t\t\t\t\t<h2 class=\"elementor-heading-title elementor-size-default\"><a href=\"\/index.php\/foyang-sapi-styven\/\">Negociateur<\/a><\/h2>\t\t\t\t<\/div>\n\t\t\t\t<\/div>\n\t\t\t\t<div class=\"elementor-element elementor-element-9af7ca0 elementor-widget elementor-widget-image\" data-id=\"9af7ca0\" data-element_type=\"widget\" data-widget_type=\"image.default\">\n\t\t\t\t\t\t\t\t\t\t\t\t\t\t\t\t<a href=\"\/index.php\/foyang-sapi-styven\/\">\n\t\t\t\t\t\t\t<img loading=\"lazy\" decoding=\"async\" width=\"500\" height=\"500\" src=\"https:\/\/cca-bourse.com\/wp-content\/uploads\/2025\/10\/im4.png\" class=\"elementor-animation-bob attachment-full size-full wp-image-6081\" alt=\"\" srcset=\"https:\/\/cca-bourse.com\/wp-content\/uploads\/2025\/10\/im4.png 500w, https:\/\/cca-bourse.com\/wp-content\/uploads\/2025\/10\/im4-300x300.png 300w, https:\/\/cca-bourse.com\/wp-content\/uploads\/2025\/10\/im4-150x150.png 150w\" sizes=\"(max-width: 500px) 100vw, 500px\" \/>\t\t\t\t\t\t\t\t<\/a>\n\t\t\t\t\t\t\t\t\t\t\t\t\t\t\t<\/div>\n\t\t\t\t<\/div>\n\t\t<div class=\"elementor-element elementor-element-8a78ed9 e-con-full e-flex e-con e-child\" data-id=\"8a78ed9\" data-element_type=\"container\">\n\t\t<div class=\"elementor-element elementor-element-b1bf511 e-con-full e-flex e-con e-child\" data-id=\"b1bf511\" data-element_type=\"container\">\n\t\t\t\t<div class=\"elementor-element elementor-element-f2965cf elementor-widget elementor-widget-heading\" data-id=\"f2965cf\" data-element_type=\"widget\" data-widget_type=\"heading.default\">\n\t\t\t\t\t<h2 class=\"elementor-heading-title elementor-size-default\"><a href=\"\/index.php\/gankeng-ngouana-roblin\/\">GANKENG NGOUANA ROBLIN<\/a><\/h2>\t\t\t\t<\/div>\n\t\t\t\t<div class=\"elementor-element elementor-element-df36fa8 elementor-widget elementor-widget-heading\" data-id=\"df36fa8\" data-element_type=\"widget\" data-widget_type=\"heading.default\">\n\t\t\t\t\t<h2 class=\"elementor-heading-title elementor-size-default\"><a href=\"\/index.php\/gankeng-ngouana-roblin\/\">Comptable<\/a><\/h2>\t\t\t\t<\/div>\n\t\t\t\t<\/div>\n\t\t\t\t<div class=\"elementor-element elementor-element-dc06ede elementor-widget elementor-widget-image\" data-id=\"dc06ede\" data-element_type=\"widget\" data-widget_type=\"image.default\">\n\t\t\t\t\t\t\t\t\t\t\t\t\t\t\t\t<a href=\"\/index.php\/gankeng-ngouana-roblin\/\">\n\t\t\t\t\t\t\t<img loading=\"lazy\" decoding=\"async\" width=\"500\" height=\"500\" src=\"https:\/\/cca-bourse.com\/wp-content\/uploads\/2025\/11\/roblin.png\" class=\"elementor-animation-bob attachment-full size-full wp-image-6154\" alt=\"\" srcset=\"https:\/\/cca-bourse.com\/wp-content\/uploads\/2025\/11\/roblin.png 500w, https:\/\/cca-bourse.com\/wp-content\/uploads\/2025\/11\/roblin-300x300.png 300w, https:\/\/cca-bourse.com\/wp-content\/uploads\/2025\/11\/roblin-150x150.png 150w\" sizes=\"(max-width: 500px) 100vw, 500px\" \/>\t\t\t\t\t\t\t\t<\/a>\n\t\t\t\t\t\t\t\t\t\t\t\t\t\t\t<\/div>\n\t\t\t\t<\/div>\n\t\t\t\t<\/div>\n\t\t\t\t\t<\/div>\n\t\t\t\t<\/div>\n\t\t\t\t<\/div>\n\t\t","protected":false},"excerpt":{"rendered":"<p>Notre \u00e9quipe Des [professionnels] exp\u00e9riment\u00e9s \u00e0 votre \u00e9coute Consulter nos profils Une [ \u00e9quipe agile ] et [innovante], des profils [&hellip;]<\/p>\n","protected":false},"author":1,"featured_media":0,"parent":0,"menu_order":0,"comment_status":"closed","ping_status":"closed","template":"elementor_header_footer","meta":{"_acf_changed":false,"ocean_post_layout":"","ocean_both_sidebars_style":"","ocean_both_sidebars_content_width":0,"ocean_both_sidebars_sidebars_width":0,"ocean_sidebar":"","ocean_second_sidebar":"","ocean_disable_margins":"enable","ocean_add_body_class":"","ocean_shortcode_before_top_bar":"","ocean_shortcode_after_top_bar":"","ocean_shortcode_before_header":"","ocean_shortcode_after_header":"","ocean_has_shortcode":"","ocean_shortcode_after_title":"","ocean_shortcode_before_footer_widgets":"","ocean_shortcode_after_footer_widgets":"","ocean_shortcode_before_footer_bottom":"","ocean_shortcode_after_footer_bottom":"","ocean_display_top_bar":"default","ocean_display_header":"default","ocean_header_style":"","ocean_center_header_left_menu":"","ocean_custom_header_template":"","ocean_custom_logo":0,"ocean_custom_retina_logo":0,"ocean_custom_logo_max_width":0,"ocean_custom_logo_tablet_max_width":0,"ocean_custom_logo_mobile_max_width":0,"ocean_custom_logo_max_height":0,"ocean_custom_logo_tablet_max_height":0,"ocean_custom_logo_mobile_max_height":0,"ocean_header_custom_menu":"","ocean_menu_typo_font_family":"","ocean_menu_typo_font_subset":"","ocean_menu_typo_font_size":0,"ocean_menu_typo_font_size_tablet":0,"ocean_menu_typo_font_size_mobile":0,"ocean_menu_typo_font_size_unit":"px","ocean_menu_typo_font_weight":"","ocean_menu_typo_font_weight_tablet":"","ocean_menu_typo_font_weight_mobile":"","ocean_menu_typo_transform":"","ocean_menu_typo_transform_tablet":"","ocean_menu_typo_transform_mobile":"","ocean_menu_typo_line_height":0,"ocean_menu_typo_line_height_tablet":0,"ocean_menu_typo_line_height_mobile":0,"ocean_menu_typo_line_height_unit":"","ocean_menu_typo_spacing":0,"ocean_menu_typo_spacing_tablet":0,"ocean_menu_typo_spacing_mobile":0,"ocean_menu_typo_spacing_unit":"","ocean_menu_link_color":"","ocean_menu_link_color_hover":"","ocean_menu_link_color_active":"","ocean_menu_link_background":"","ocean_menu_link_hover_background":"","ocean_menu_link_active_background":"","ocean_menu_social_links_bg":"","ocean_menu_social_hover_links_bg":"","ocean_menu_social_links_color":"","ocean_menu_social_hover_links_color":"","ocean_disable_title":"on","ocean_disable_heading":"default","ocean_post_title":"","ocean_post_subheading":"","ocean_post_title_style":"","ocean_post_title_background_color":"","ocean_post_title_background":0,"ocean_post_title_bg_image_position":"","ocean_post_title_bg_image_attachment":"","ocean_post_title_bg_image_repeat":"","ocean_post_title_bg_image_size":"","ocean_post_title_height":0,"ocean_post_title_bg_overlay":0.5,"ocean_post_title_bg_overlay_color":"","ocean_disable_breadcrumbs":"default","ocean_breadcrumbs_color":"","ocean_breadcrumbs_separator_color":"","ocean_breadcrumbs_links_color":"","ocean_breadcrumbs_links_hover_color":"","ocean_display_footer_widgets":"default","ocean_display_footer_bottom":"default","ocean_custom_footer_template":"","_joinchat":[],"footnotes":""},"class_list":["post-5997","page","type-page","status-publish","hentry","entry"],"acf":[],"_links":{"self":[{"href":"https:\/\/cca-bourse.com\/index.php\/wp-json\/wp\/v2\/pages\/5997","targetHints":{"allow":["GET"]}}],"collection":[{"href":"https:\/\/cca-bourse.com\/index.php\/wp-json\/wp\/v2\/pages"}],"about":[{"href":"https:\/\/cca-bourse.com\/index.php\/wp-json\/wp\/v2\/types\/page"}],"author":[{"embeddable":true,"href":"https:\/\/cca-bourse.com\/index.php\/wp-json\/wp\/v2\/users\/1"}],"replies":[{"embeddable":true,"href":"https:\/\/cca-bourse.com\/index.php\/wp-json\/wp\/v2\/comments?post=5997"}],"version-history":[{"count":76,"href":"https:\/\/cca-bourse.com\/index.php\/wp-json\/wp\/v2\/pages\/5997\/revisions"}],"predecessor-version":[{"id":6921,"href":"https:\/\/cca-bourse.com\/index.php\/wp-json\/wp\/v2\/pages\/5997\/revisions\/6921"}],"wp:attachment":[{"href":"https:\/\/cca-bourse.com\/index.php\/wp-json\/wp\/v2\/media?parent=5997"}],"curies":[{"name":"wp","href":"https:\/\/api.w.org\/{rel}","templated":true}]}}