{"id":4204,"date":"2025-08-23T23:26:32","date_gmt":"2025-08-23T21:26:32","guid":{"rendered":"https:\/\/cca-bourse.com\/?page_id=4204"},"modified":"2025-12-10T15:10:23","modified_gmt":"2025-12-10T14:10:23","slug":"produits","status":"publish","type":"page","link":"https:\/\/cca-bourse.com\/index.php\/produits\/","title":{"rendered":"Produits"},"content":{"rendered":"\t\t<div data-elementor-type=\"wp-page\" data-elementor-id=\"4204\" class=\"elementor elementor-4204\" data-elementor-post-type=\"page\">\n\t\t\t\t<div class=\"elementor-element elementor-element-87d872d e-flex e-con-boxed e-con e-parent\" data-id=\"87d872d\" data-element_type=\"container\" data-settings=\"{&quot;background_background&quot;:&quot;classic&quot;}\">\n\t\t\t\t\t<div class=\"e-con-inner\">\n\t\t<div class=\"elementor-element elementor-element-cc662fb e-con-full e-flex e-con e-child\" data-id=\"cc662fb\" data-element_type=\"container\" data-settings=\"{&quot;background_background&quot;:&quot;classic&quot;}\">\n\t\t<div class=\"elementor-element elementor-element-98e1e1a e-grid e-con-full e-con e-child\" data-id=\"98e1e1a\" data-element_type=\"container\">\n\t\t<div class=\"elementor-element elementor-element-82b5bfa e-con-full e-flex elementor-invisible e-con e-child\" data-id=\"82b5bfa\" data-element_type=\"container\" data-settings=\"{&quot;animation&quot;:&quot;fadeInLeft&quot;}\">\n\t\t\t\t<div class=\"elementor-element elementor-element-52ba510 elementor-widget elementor-widget-heading\" data-id=\"52ba510\" data-element_type=\"widget\" data-widget_type=\"heading.default\">\n\t\t\t\t\t<h2 class=\"elementor-heading-title elementor-size-default\">March\u00e9 Financier<\/h2>\t\t\t\t<\/div>\n\t\t\t\t<div class=\"elementor-element elementor-element-e34af53 elementor-widget elementor-widget-text-editor\" data-id=\"e34af53\" data-element_type=\"widget\" data-widget_type=\"text-editor.default\">\n\t\t\t\t\t\t\t\t\t<p><span style=\"color: #ff9900;\">Obligations des \u00c9tats de la CEMAC<\/span><\/p><p>Les \u00c9tats de la CEMAC \u00e9mettent des obligations pour financer leurs projets de d\u00e9veloppement. En y investissant, vous b\u00e9n\u00e9ficiez d\u2019un placement s\u00fbr, r\u00e9gulier et soutenu par la signature souveraine.<br \/>C\u2019est un moyen simple d\u2019allier s\u00e9curit\u00e9, rendement et impact \u00e9conomique, tout en participant directement \u00e0 la croissance de la r\u00e9gion.<br \/>CCA Bourse vous accompagne dans la s\u00e9lection, la souscription et la gestion de ces titres essentiels.<\/p>\t\t\t\t\t\t\t\t<\/div>\n\t\t\t\t<div class=\"elementor-element elementor-element-54e58f4 elementor-widget elementor-widget-text-editor\" data-id=\"54e58f4\" data-element_type=\"widget\" data-widget_type=\"text-editor.default\">\n\t\t\t\t\t\t\t\t\t<p><span style=\"color: #ff9900;\">Obligations et actions des organismes priv\u00e9s<\/span><\/p><p>Les entreprises priv\u00e9es de la CEMAC mobilisent le march\u00e9 financier pour acc\u00e9l\u00e9rer leur croissance. Actions ou obligations, ces titres offrent un potentiel de rendement \u00e9lev\u00e9 et une exposition directe au dynamisme du secteur priv\u00e9.<br \/>Investir dans ces instruments, c\u2019est soutenir l\u2019innovation, capter la performance et diversifier son portefeuille.<br \/>CCA Bourse met son expertise \u00e0 votre service pour identifier les meilleures opportunit\u00e9s et optimiser votre strat\u00e9gie d\u2019investissement.<\/p>\t\t\t\t\t\t\t\t<\/div>\n\t\t\t\t<div class=\"elementor-element elementor-element-58409bc elementor-hidden-desktop elementor-hidden-tablet elementor-hidden-mobile elementor-widget elementor-widget-button\" data-id=\"58409bc\" data-element_type=\"widget\" data-widget_type=\"button.default\">\n\t\t\t\t\t\t\t\t\t\t<a class=\"elementor-button elementor-button-link elementor-size-sm\" href=\"\/index.php\/marche-financier\/\">\n\t\t\t\t\t\t<span class=\"elementor-button-content-wrapper\">\n\t\t\t\t\t\t\t\t\t<span class=\"elementor-button-text\">En savoir plus<\/span>\n\t\t\t\t\t<\/span>\n\t\t\t\t\t<\/a>\n\t\t\t\t\t\t\t\t<\/div>\n\t\t\t\t<\/div>\n\t\t<div class=\"elementor-element elementor-element-ab6c9b7 e-con-full e-flex elementor-invisible e-con e-child\" data-id=\"ab6c9b7\" data-element_type=\"container\" data-settings=\"{&quot;background_background&quot;:&quot;video&quot;,&quot;background_video_link&quot;:&quot;https:\\\/\\\/cca-bourse.com\\\/wp-content\\\/uploads\\\/2025\\\/08\\\/5438-183788547_small.mp4&quot;,&quot;background_play_on_mobile&quot;:&quot;yes&quot;,&quot;animation&quot;:&quot;fadeInRight&quot;}\">\n\t\t<div class=\"elementor-background-video-container\" aria-hidden=\"true\">\n\t\t\t\t\t\t\t<video class=\"elementor-background-video-hosted\" autoplay muted playsinline loop><\/video>\n\t\t\t\t\t<\/div>\t\t<\/div>\n\t\t\t\t<\/div>\n\t\t\t\t<\/div>\n\t\t\t\t\t<\/div>\n\t\t\t\t<\/div>\n\t\t<div class=\"elementor-element elementor-element-ce2aca1 e-flex e-con-boxed e-con e-parent\" data-id=\"ce2aca1\" data-element_type=\"container\" data-settings=\"{&quot;background_background&quot;:&quot;classic&quot;}\">\n\t\t\t\t\t<div class=\"e-con-inner\">\n\t\t<div class=\"elementor-element elementor-element-8c7d899 e-con-full e-flex e-con e-child\" data-id=\"8c7d899\" data-element_type=\"container\" data-settings=\"{&quot;background_background&quot;:&quot;classic&quot;}\">\n\t\t<div class=\"elementor-element elementor-element-f0b17f6 e-grid e-con-full e-con e-child\" data-id=\"f0b17f6\" data-element_type=\"container\">\n\t\t<div class=\"elementor-element elementor-element-ce72356 e-con-full e-flex elementor-invisible e-con e-child\" data-id=\"ce72356\" data-element_type=\"container\" data-settings=\"{&quot;animation&quot;:&quot;fadeInRight&quot;}\">\n\t\t\t\t<div class=\"elementor-element elementor-element-8328e77 elementor-widget elementor-widget-heading\" data-id=\"8328e77\" data-element_type=\"widget\" data-widget_type=\"heading.default\">\n\t\t\t\t\t<h2 class=\"elementor-heading-title elementor-size-default\">March\u00e9 Mon\u00e9taire <\/h2>\t\t\t\t<\/div>\n\t\t\t\t<div class=\"elementor-element elementor-element-e463c35 elementor-widget elementor-widget-text-editor\" data-id=\"e463c35\" data-element_type=\"widget\" data-widget_type=\"text-editor.default\">\n\t\t\t\t\t\t\t\t\t<p><span style=\"color: #ff9900;\"><strong>Bons du Tr\u00e9sor Assimilables (BTA)<\/strong><\/span><\/p><p>Les BTA sont des titres publics \u00e9mis par les \u00c9tats de la CEMAC pour financer leurs besoins de tr\u00e9sorerie \u00e0 court terme.<br \/>Achet\u00e9s en dessous de leur valeur nominale et rembours\u00e9s au pair, ils offrent un rendement imm\u00e9diat, simple et s\u00e9curis\u00e9.<\/p><p>Pourquoi investir ?<\/p><p>S\u00e9curit\u00e9 maximale, Dur\u00e9es courtes (13, 26 ou 52 semaines), R\u00e9mun\u00e9ration attractive, Id\u00e9al pour optimiser une tr\u00e9sorerie<\/p>\t\t\t\t\t\t\t\t<\/div>\n\t\t\t\t<div class=\"elementor-element elementor-element-da2f077 elementor-widget elementor-widget-text-editor\" data-id=\"da2f077\" data-element_type=\"widget\" data-widget_type=\"text-editor.default\">\n\t\t\t\t\t\t\t\t\t<p><span style=\"color: #ff9900;\">Obligations du Tr\u00e9sor Assimilables (OTA)<\/span><\/p><p>Un investissement stable et r\u00e9mun\u00e9rateur \u00e0 moyen et long terme<\/p><p>Les OTA sont des titres souverains \u00e0 taux fixe, versant des coupons annuels et rembours\u00e9s \u00e0 \u00e9ch\u00e9ance. Ils offrent une visibilit\u00e9 parfaite et un rendement constant, id\u00e9al pour construire un portefeuille solide.<\/p><p>Pourquoi investir ?<\/p><p>Coups fixes vers\u00e9s chaque ann\u00e9e, Dur\u00e9es de 2 \u00e0 10 ans, S\u00e9curit\u00e9 li\u00e9e \u00e0 la signature des \u00c9tats, Placement structurant pour portefeuille patrimonial<\/p><p>CCA Bourse vous accompagne dans la s\u00e9lection, la souscription et la gestion de vos obligations pour maximiser vos performances \u00e0 long terme.<\/p>\t\t\t\t\t\t\t\t<\/div>\n\t\t\t\t<div class=\"elementor-element elementor-element-19c0a35 elementor-hidden-desktop elementor-hidden-tablet elementor-hidden-mobile elementor-widget elementor-widget-button\" data-id=\"19c0a35\" data-element_type=\"widget\" data-widget_type=\"button.default\">\n\t\t\t\t\t\t\t\t\t\t<a class=\"elementor-button elementor-button-link elementor-size-sm\" href=\"\/index.php\/marche-monetaire\/\">\n\t\t\t\t\t\t<span class=\"elementor-button-content-wrapper\">\n\t\t\t\t\t\t\t\t\t<span class=\"elementor-button-text\">En savoir plus<\/span>\n\t\t\t\t\t<\/span>\n\t\t\t\t\t<\/a>\n\t\t\t\t\t\t\t\t<\/div>\n\t\t\t\t<\/div>\n\t\t<div class=\"elementor-element elementor-element-2697d9a e-con-full e-flex elementor-invisible e-con e-child\" data-id=\"2697d9a\" data-element_type=\"container\" data-settings=\"{&quot;background_background&quot;:&quot;video&quot;,&quot;background_video_link&quot;:&quot;https:\\\/\\\/cca-bourse.com\\\/wp-content\\\/uploads\\\/2025\\\/08\\\/0_Business_Meeting_Contract_Signing_1280x720.mp4&quot;,&quot;background_play_on_mobile&quot;:&quot;yes&quot;,&quot;animation&quot;:&quot;fadeInLeft&quot;}\">\n\t\t<div class=\"elementor-background-video-container\" aria-hidden=\"true\">\n\t\t\t\t\t\t\t<video class=\"elementor-background-video-hosted\" autoplay muted playsinline loop><\/video>\n\t\t\t\t\t<\/div>\t\t<\/div>\n\t\t\t\t<\/div>\n\t\t\t\t<\/div>\n\t\t\t\t\t<\/div>\n\t\t\t\t<\/div>\n\t\t\t\t<\/div>\n\t\t","protected":false},"excerpt":{"rendered":"<p>March\u00e9 Financier Obligations des \u00c9tats de la CEMAC Les \u00c9tats de la CEMAC \u00e9mettent des obligations pour financer leurs projets [&hellip;]<\/p>\n","protected":false},"author":1,"featured_media":0,"parent":0,"menu_order":0,"comment_status":"closed","ping_status":"closed","template":"","meta":{"_acf_changed":false,"ocean_post_layout":"","ocean_both_sidebars_style":"","ocean_both_sidebars_content_width":0,"ocean_both_sidebars_sidebars_width":0,"ocean_sidebar":"","ocean_second_sidebar":"","ocean_disable_margins":"enable","ocean_add_body_class":"","ocean_shortcode_before_top_bar":"","ocean_shortcode_after_top_bar":"","ocean_shortcode_before_header":"","ocean_shortcode_after_header":"","ocean_has_shortcode":"","ocean_shortcode_after_title":"","ocean_shortcode_before_footer_widgets":"","ocean_shortcode_after_footer_widgets":"","ocean_shortcode_before_footer_bottom":"","ocean_shortcode_after_footer_bottom":"","ocean_display_top_bar":"default","ocean_display_header":"default","ocean_header_style":"","ocean_center_header_left_menu":"","ocean_custom_header_template":"","ocean_custom_logo":0,"ocean_custom_retina_logo":0,"ocean_custom_logo_max_width":0,"ocean_custom_logo_tablet_max_width":0,"ocean_custom_logo_mobile_max_width":0,"ocean_custom_logo_max_height":0,"ocean_custom_logo_tablet_max_height":0,"ocean_custom_logo_mobile_max_height":0,"ocean_header_custom_menu":"","ocean_menu_typo_font_family":"","ocean_menu_typo_font_subset":"","ocean_menu_typo_font_size":0,"ocean_menu_typo_font_size_tablet":0,"ocean_menu_typo_font_size_mobile":0,"ocean_menu_typo_font_size_unit":"px","ocean_menu_typo_font_weight":"","ocean_menu_typo_font_weight_tablet":"","ocean_menu_typo_font_weight_mobile":"","ocean_menu_typo_transform":"","ocean_menu_typo_transform_tablet":"","ocean_menu_typo_transform_mobile":"","ocean_menu_typo_line_height":0,"ocean_menu_typo_line_height_tablet":0,"ocean_menu_typo_line_height_mobile":0,"ocean_menu_typo_line_height_unit":"","ocean_menu_typo_spacing":0,"ocean_menu_typo_spacing_tablet":0,"ocean_menu_typo_spacing_mobile":0,"ocean_menu_typo_spacing_unit":"","ocean_menu_link_color":"","ocean_menu_link_color_hover":"","ocean_menu_link_color_active":"","ocean_menu_link_background":"","ocean_menu_link_hover_background":"","ocean_menu_link_active_background":"","ocean_menu_social_links_bg":"","ocean_menu_social_hover_links_bg":"","ocean_menu_social_links_color":"","ocean_menu_social_hover_links_color":"","ocean_disable_title":"on","ocean_disable_heading":"default","ocean_post_title":"","ocean_post_subheading":"","ocean_post_title_style":"","ocean_post_title_background_color":"","ocean_post_title_background":0,"ocean_post_title_bg_image_position":"","ocean_post_title_bg_image_attachment":"","ocean_post_title_bg_image_repeat":"","ocean_post_title_bg_image_size":"","ocean_post_title_height":0,"ocean_post_title_bg_overlay":0.5,"ocean_post_title_bg_overlay_color":"","ocean_disable_breadcrumbs":"default","ocean_breadcrumbs_color":"","ocean_breadcrumbs_separator_color":"","ocean_breadcrumbs_links_color":"","ocean_breadcrumbs_links_hover_color":"","ocean_display_footer_widgets":"default","ocean_display_footer_bottom":"default","ocean_custom_footer_template":"","_joinchat":[],"footnotes":""},"class_list":["post-4204","page","type-page","status-publish","hentry","entry"],"acf":[],"_links":{"self":[{"href":"https:\/\/cca-bourse.com\/index.php\/wp-json\/wp\/v2\/pages\/4204","targetHints":{"allow":["GET"]}}],"collection":[{"href":"https:\/\/cca-bourse.com\/index.php\/wp-json\/wp\/v2\/pages"}],"about":[{"href":"https:\/\/cca-bourse.com\/index.php\/wp-json\/wp\/v2\/types\/page"}],"author":[{"embeddable":true,"href":"https:\/\/cca-bourse.com\/index.php\/wp-json\/wp\/v2\/users\/1"}],"replies":[{"embeddable":true,"href":"https:\/\/cca-bourse.com\/index.php\/wp-json\/wp\/v2\/comments?post=4204"}],"version-history":[{"count":121,"href":"https:\/\/cca-bourse.com\/index.php\/wp-json\/wp\/v2\/pages\/4204\/revisions"}],"predecessor-version":[{"id":6765,"href":"https:\/\/cca-bourse.com\/index.php\/wp-json\/wp\/v2\/pages\/4204\/revisions\/6765"}],"wp:attachment":[{"href":"https:\/\/cca-bourse.com\/index.php\/wp-json\/wp\/v2\/media?parent=4204"}],"curies":[{"name":"wp","href":"https:\/\/api.w.org\/{rel}","templated":true}]}}