{"id":2919,"date":"2025-08-07T11:24:10","date_gmt":"2025-08-07T09:24:10","guid":{"rendered":"https:\/\/cca-bourse.com\/?page_id=2919"},"modified":"2025-08-26T20:45:02","modified_gmt":"2025-08-26T18:45:02","slug":"conseil-en-gestion-de-patrimoine-financier","status":"publish","type":"page","link":"https:\/\/cca-bourse.com\/index.php\/conseil-en-gestion-de-patrimoine-financier\/","title":{"rendered":"Conseil en gestion de patrimoine financier\u200b"},"content":{"rendered":"\t\t<div data-elementor-type=\"wp-page\" data-elementor-id=\"2919\" class=\"elementor elementor-2919\" data-elementor-post-type=\"page\">\n\t\t\t\t<div class=\"elementor-element elementor-element-2cc51df e-flex e-con-boxed e-con e-parent\" data-id=\"2cc51df\" data-element_type=\"container\">\n\t\t\t\t\t<div class=\"e-con-inner\">\n\t\t<div class=\"elementor-element elementor-element-65881c2 e-con-full e-flex e-con e-child\" data-id=\"65881c2\" data-element_type=\"container\" data-settings=\"{&quot;background_background&quot;:&quot;classic&quot;}\">\n\t\t\t\t<div class=\"elementor-element elementor-element-25f3511 elementor-widget elementor-widget-hfe-breadcrumbs-widget\" data-id=\"25f3511\" data-element_type=\"widget\" data-widget_type=\"hfe-breadcrumbs-widget.default\">\n\t\t\t\t<div class=\"elementor-widget-container\">\n\t\t\t\t\t<nav aria-label=\"Breadcrumb\"><ul class=\"hfe-breadcrumbs \"><\/ul><\/nav>\t\t\t\t<\/div>\n\t\t\t\t<\/div>\n\t\t\t\t<\/div>\n\t\t\t\t\t<\/div>\n\t\t\t\t<\/div>\n\t\t<div class=\"elementor-element elementor-element-927bb6f e-flex e-con-boxed e-con e-parent\" data-id=\"927bb6f\" data-element_type=\"container\">\n\t\t\t\t\t<div class=\"e-con-inner\">\n\t\t<div class=\"elementor-element elementor-element-3556094 e-con-full e-flex e-con e-child\" data-id=\"3556094\" data-element_type=\"container\">\n\t\t\t\t<div class=\"elementor-element elementor-element-8c6a2e5 elementor-widget elementor-widget-image\" data-id=\"8c6a2e5\" data-element_type=\"widget\" data-widget_type=\"image.default\">\n\t\t\t\t\t\t\t\t\t\t\t\t\t\t\t<img fetchpriority=\"high\" decoding=\"async\" width=\"1024\" height=\"710\" src=\"https:\/\/cca-bourse.com\/wp-content\/uploads\/2025\/08\/1027-1024x710.jpg\" class=\"attachment-large size-large wp-image-2958\" alt=\"\" srcset=\"https:\/\/cca-bourse.com\/wp-content\/uploads\/2025\/08\/1027-1024x710.jpg 1024w, https:\/\/cca-bourse.com\/wp-content\/uploads\/2025\/08\/1027-300x208.jpg 300w, https:\/\/cca-bourse.com\/wp-content\/uploads\/2025\/08\/1027-768x532.jpg 768w, https:\/\/cca-bourse.com\/wp-content\/uploads\/2025\/08\/1027-1536x1064.jpg 1536w, https:\/\/cca-bourse.com\/wp-content\/uploads\/2025\/08\/1027-50x35.jpg 50w, https:\/\/cca-bourse.com\/wp-content\/uploads\/2025\/08\/1027-100x69.jpg 100w, https:\/\/cca-bourse.com\/wp-content\/uploads\/2025\/08\/1027.jpg 2000w\" sizes=\"(max-width: 1024px) 100vw, 1024px\" \/>\t\t\t\t\t\t\t\t\t\t\t\t\t\t\t<\/div>\n\t\t\t\t<div class=\"elementor-element elementor-element-d0b444d elementor-widget elementor-widget-heading\" data-id=\"d0b444d\" data-element_type=\"widget\" data-widget_type=\"heading.default\">\n\t\t\t\t\t<h2 class=\"elementor-heading-title elementor-size-default\">Conseil en gestion de patrimoine financier\u200b<\/h2>\t\t\t\t<\/div>\n\t\t\t\t<div class=\"elementor-element elementor-element-2fc046e elementor-widget elementor-widget-text-editor\" data-id=\"2fc046e\" data-element_type=\"widget\" data-widget_type=\"text-editor.default\">\n\t\t\t\t\t\t\t\t\t<p data-start=\"217\" data-end=\"942\">Chez <strong data-start=\"271\" data-end=\"285\">CCA Bourse<\/strong>, nous vous aidons \u00e0 donner du sens \u00e0 votre patrimoine. Gr\u00e2ce \u00e0 un accompagnement personnalis\u00e9, nos experts con\u00e7oivent des strat\u00e9gies de gestion financi\u00e8re qui r\u00e9pondent pleinement \u00e0 vos objectifs de vie.<br data-start=\"489\" data-end=\"492\" \/>De l\u2019analyse compl\u00e8te de votre situation patrimoniale \u00e0 l\u2019\u00e9laboration de solutions sur mesure, nous vous guidons dans la valorisation durable de vos actifs. Notre mission : optimiser votre fiscalit\u00e9, faire cro\u00eetre votre patrimoine, et s\u00e9curiser vos investissements sur le long terme.<br data-start=\"775\" data-end=\"778\" \/>Profitez d\u2019un suivi r\u00e9gulier, d\u2019un service de proximit\u00e9, et d\u2019une vision globale int\u00e9grant les dimensions financi\u00e8res, fiscales et personnelles de votre patrimoine.<\/p>\t\t\t\t\t\t\t\t<\/div>\n\t\t\t\t<div class=\"elementor-element elementor-element-83a218f elementor-icon-list--layout-traditional elementor-list-item-link-full_width elementor-widget elementor-widget-icon-list\" data-id=\"83a218f\" data-element_type=\"widget\" data-widget_type=\"icon-list.default\">\n\t\t\t\t\t\t\t<ul class=\"elementor-icon-list-items\">\n\t\t\t\t\t\t\t<li class=\"elementor-icon-list-item\">\n\t\t\t\t\t\t\t\t\t\t\t<span class=\"elementor-icon-list-icon\">\n\t\t\t\t\t\t\t<svg aria-hidden=\"true\" class=\"e-font-icon-svg e-fas-check-circle\" viewBox=\"0 0 512 512\" xmlns=\"http:\/\/www.w3.org\/2000\/svg\"><path d=\"M504 256c0 136.967-111.033 248-248 248S8 392.967 8 256 119.033 8 256 8s248 111.033 248 248zM227.314 387.314l184-184c6.248-6.248 6.248-16.379 0-22.627l-22.627-22.627c-6.248-6.249-16.379-6.249-22.628 0L216 308.118l-70.059-70.059c-6.248-6.248-16.379-6.248-22.628 0l-22.627 22.627c-6.248 6.248-6.248 16.379 0 22.627l104 104c6.249 6.249 16.379 6.249 22.628.001z\"><\/path><\/svg>\t\t\t\t\t\t<\/span>\n\t\t\t\t\t\t\t\t\t\t<span class=\"elementor-icon-list-text\">Analyse approfondie de patrimoine.\u200b<\/span>\n\t\t\t\t\t\t\t\t\t<\/li>\n\t\t\t\t\t\t\t\t<li class=\"elementor-icon-list-item\">\n\t\t\t\t\t\t\t\t\t\t\t<a href=\"http:\/\/Analyse%20financi\u00e8re%20et%20gestion%20des%20risques.\u200b\">\n\n\t\t\t\t\t\t\t\t\t\t\t\t<span class=\"elementor-icon-list-icon\">\n\t\t\t\t\t\t\t<svg aria-hidden=\"true\" class=\"e-font-icon-svg e-fas-check-circle\" viewBox=\"0 0 512 512\" xmlns=\"http:\/\/www.w3.org\/2000\/svg\"><path d=\"M504 256c0 136.967-111.033 248-248 248S8 392.967 8 256 119.033 8 256 8s248 111.033 248 248zM227.314 387.314l184-184c6.248-6.248 6.248-16.379 0-22.627l-22.627-22.627c-6.248-6.249-16.379-6.249-22.628 0L216 308.118l-70.059-70.059c-6.248-6.248-16.379-6.248-22.628 0l-22.627 22.627c-6.248 6.248-6.248 16.379 0 22.627l104 104c6.249 6.249 16.379 6.249 22.628.001z\"><\/path><\/svg>\t\t\t\t\t\t<\/span>\n\t\t\t\t\t\t\t\t\t\t<span class=\"elementor-icon-list-text\">Strat\u00e9gies de croissance personnalis\u00e9es.\u200b<\/span>\n\t\t\t\t\t\t\t\t\t\t\t<\/a>\n\t\t\t\t\t\t\t\t\t<\/li>\n\t\t\t\t\t\t\t\t<li class=\"elementor-icon-list-item\">\n\t\t\t\t\t\t\t\t\t\t\t<span class=\"elementor-icon-list-icon\">\n\t\t\t\t\t\t\t<svg aria-hidden=\"true\" class=\"e-font-icon-svg e-fas-check-circle\" viewBox=\"0 0 512 512\" xmlns=\"http:\/\/www.w3.org\/2000\/svg\"><path d=\"M504 256c0 136.967-111.033 248-248 248S8 392.967 8 256 119.033 8 256 8s248 111.033 248 248zM227.314 387.314l184-184c6.248-6.248 6.248-16.379 0-22.627l-22.627-22.627c-6.248-6.249-16.379-6.249-22.628 0L216 308.118l-70.059-70.059c-6.248-6.248-16.379-6.248-22.628 0l-22.627 22.627c-6.248 6.248-6.248 16.379 0 22.627l104 104c6.249 6.249 16.379 6.249 22.628.001z\"><\/path><\/svg>\t\t\t\t\t\t<\/span>\n\t\t\t\t\t\t\t\t\t\t<span class=\"elementor-icon-list-text\">Suivi r\u00e9gulier des investissements.\u200b<\/span>\n\t\t\t\t\t\t\t\t\t<\/li>\n\t\t\t\t\t\t\t\t<li class=\"elementor-icon-list-item\">\n\t\t\t\t\t\t\t\t\t\t\t<span class=\"elementor-icon-list-icon\">\n\t\t\t\t\t\t\t<svg aria-hidden=\"true\" class=\"e-font-icon-svg e-fas-check-circle\" viewBox=\"0 0 512 512\" xmlns=\"http:\/\/www.w3.org\/2000\/svg\"><path d=\"M504 256c0 136.967-111.033 248-248 248S8 392.967 8 256 119.033 8 256 8s248 111.033 248 248zM227.314 387.314l184-184c6.248-6.248 6.248-16.379 0-22.627l-22.627-22.627c-6.248-6.249-16.379-6.249-22.628 0L216 308.118l-70.059-70.059c-6.248-6.248-16.379-6.248-22.628 0l-22.627 22.627c-6.248 6.248-6.248 16.379 0 22.627l104 104c6.249 6.249 16.379 6.249 22.628.001z\"><\/path><\/svg>\t\t\t\t\t\t<\/span>\n\t\t\t\t\t\t\t\t\t\t<span class=\"elementor-icon-list-text\">Optimisation fiscale pour clients.\u200b<\/span>\n\t\t\t\t\t\t\t\t\t<\/li>\n\t\t\t\t\t\t<\/ul>\n\t\t\t\t\t\t<\/div>\n\t\t\t\t<\/div>\n\t\t<div class=\"elementor-element elementor-element-cb6a7b1 e-con-full e-flex e-con e-child\" data-id=\"cb6a7b1\" data-element_type=\"container\">\n\t\t\t\t<div class=\"elementor-element elementor-element-32ca432 elementor-grid-1 elementor-grid-tablet-2 elementor-grid-mobile-1 elementor-posts--thumbnail-top elementor-widget elementor-widget-posts\" data-id=\"32ca432\" data-element_type=\"widget\" data-settings=\"{&quot;classic_columns&quot;:&quot;1&quot;,&quot;classic_columns_tablet&quot;:&quot;2&quot;,&quot;classic_columns_mobile&quot;:&quot;1&quot;,&quot;classic_row_gap&quot;:{&quot;unit&quot;:&quot;px&quot;,&quot;size&quot;:35,&quot;sizes&quot;:[]},&quot;classic_row_gap_tablet&quot;:{&quot;unit&quot;:&quot;px&quot;,&quot;size&quot;:&quot;&quot;,&quot;sizes&quot;:[]},&quot;classic_row_gap_mobile&quot;:{&quot;unit&quot;:&quot;px&quot;,&quot;size&quot;:&quot;&quot;,&quot;sizes&quot;:[]}}\" data-widget_type=\"posts.classic\">\n\t\t\t\t<div class=\"elementor-widget-container\">\n\t\t\t\t\t\t\t<div class=\"elementor-posts-container elementor-posts elementor-posts--skin-classic elementor-grid\" role=\"list\">\n\t\t\t\t<article class=\"elementor-post elementor-grid-item post-6481 post type-post status-publish format-standard has-post-thumbnail hentry category-news entry has-media\" role=\"listitem\">\n\t\t\t\t<a class=\"elementor-post__thumbnail__link\" href=\"https:\/\/cca-bourse.com\/index.php\/2025\/11\/20\/introduction-en-bourse-de-bgfi-holding-corporation\/\" tabindex=\"-1\" >\n\t\t\t<div class=\"elementor-post__thumbnail\"><img decoding=\"async\" width=\"216\" height=\"300\" src=\"https:\/\/cca-bourse.com\/wp-content\/uploads\/2025\/12\/Couverure-doc-dinformation-CCA@3x-216x300.webp\" class=\"attachment-medium size-medium wp-image-6499\" alt=\"\" srcset=\"https:\/\/cca-bourse.com\/wp-content\/uploads\/2025\/12\/Couverure-doc-dinformation-CCA@3x-216x300.webp 216w, https:\/\/cca-bourse.com\/wp-content\/uploads\/2025\/12\/Couverure-doc-dinformation-CCA@3x-738x1024.webp 738w, https:\/\/cca-bourse.com\/wp-content\/uploads\/2025\/12\/Couverure-doc-dinformation-CCA@3x-768x1065.webp 768w, https:\/\/cca-bourse.com\/wp-content\/uploads\/2025\/12\/Couverure-doc-dinformation-CCA@3x-1107x1536.webp 1107w, https:\/\/cca-bourse.com\/wp-content\/uploads\/2025\/12\/Couverure-doc-dinformation-CCA@3x-1477x2048.webp 1477w, https:\/\/cca-bourse.com\/wp-content\/uploads\/2025\/12\/Couverure-doc-dinformation-CCA@3x-1320x1831.webp 1320w, https:\/\/cca-bourse.com\/wp-content\/uploads\/2025\/12\/Couverure-doc-dinformation-CCA@3x-scaled.webp 1846w\" sizes=\"(max-width: 216px) 100vw, 216px\" \/><\/div>\n\t\t<\/a>\n\t\t\t\t<div class=\"elementor-post__text\">\n\t\t\t\t<h3 class=\"elementor-post__title\">\n\t\t\t<a href=\"https:\/\/cca-bourse.com\/index.php\/2025\/11\/20\/introduction-en-bourse-de-bgfi-holding-corporation\/\" >\n\t\t\t\tIntroduction en Bourse de BGFI Holding Corporation\t\t\t<\/a>\n\t\t<\/h3>\n\t\t\t\t<div class=\"elementor-post__meta-data\">\n\t\t\t\t\t<span class=\"elementor-post-date\">\n\t\t\t20 novembre 2025\t\t<\/span>\n\t\t\t\t<\/div>\n\t\t\n\t\t<a class=\"elementor-post__read-more\" href=\"https:\/\/cca-bourse.com\/index.php\/2025\/11\/20\/introduction-en-bourse-de-bgfi-holding-corporation\/\" aria-label=\"En savoir plus sur Introduction en Bourse de BGFI Holding Corporation\" tabindex=\"-1\" >\n\t\t\tLire la suite \u00bb\t\t<\/a>\n\n\t\t\t\t<\/div>\n\t\t\t\t<\/article>\n\t\t\t\t<article class=\"elementor-post elementor-grid-item post-6248 post type-post status-publish format-standard has-post-thumbnail hentry category-news entry has-media\" role=\"listitem\">\n\t\t\t\t<a class=\"elementor-post__thumbnail__link\" href=\"https:\/\/cca-bourse.com\/index.php\/2025\/11\/19\/gabon-le-projet-de-loi-de-finances-2026-bondit-a-7-2333-milliards-fcfa-72\/\" tabindex=\"-1\" >\n\t\t\t<div class=\"elementor-post__thumbnail\"><img decoding=\"async\" width=\"300\" height=\"196\" src=\"https:\/\/cca-bourse.com\/wp-content\/uploads\/2025\/11\/Frame-1000002591-300x196.png\" class=\"attachment-medium size-medium wp-image-6249\" alt=\"\" srcset=\"https:\/\/cca-bourse.com\/wp-content\/uploads\/2025\/11\/Frame-1000002591-300x196.png 300w, https:\/\/cca-bourse.com\/wp-content\/uploads\/2025\/11\/Frame-1000002591.png 405w\" sizes=\"(max-width: 300px) 100vw, 300px\" \/><\/div>\n\t\t<\/a>\n\t\t\t\t<div class=\"elementor-post__text\">\n\t\t\t\t<h3 class=\"elementor-post__title\">\n\t\t\t<a href=\"https:\/\/cca-bourse.com\/index.php\/2025\/11\/19\/gabon-le-projet-de-loi-de-finances-2026-bondit-a-7-2333-milliards-fcfa-72\/\" >\n\t\t\t\tGabon : le projet de loi de finances 2026 bondit \u00e0 7\u202f233,3\u202fmilliards\u202fFCFA, +72\u202f%\t\t\t<\/a>\n\t\t<\/h3>\n\t\t\t\t<div class=\"elementor-post__meta-data\">\n\t\t\t\t\t<span class=\"elementor-post-date\">\n\t\t\t19 novembre 2025\t\t<\/span>\n\t\t\t\t<\/div>\n\t\t\n\t\t<a class=\"elementor-post__read-more\" href=\"https:\/\/cca-bourse.com\/index.php\/2025\/11\/19\/gabon-le-projet-de-loi-de-finances-2026-bondit-a-7-2333-milliards-fcfa-72\/\" aria-label=\"En savoir plus sur Gabon : le projet de loi de finances 2026 bondit \u00e0 7\u202f233,3\u202fmilliards\u202fFCFA, +72\u202f%\" tabindex=\"-1\" >\n\t\t\tLire la suite \u00bb\t\t<\/a>\n\n\t\t\t\t<\/div>\n\t\t\t\t<\/article>\n\t\t\t\t<\/div>\n\t\t\n\t\t\t\t\t\t<\/div>\n\t\t\t\t<\/div>\n\t\t\t\t<\/div>\n\t\t\t\t\t<\/div>\n\t\t\t\t<\/div>\n\t\t<div class=\"elementor-element elementor-element-28d8d0d e-flex e-con-boxed e-con e-parent\" data-id=\"28d8d0d\" data-element_type=\"container\">\n\t\t\t\t\t<div class=\"e-con-inner\">\n\t\t\t\t<div class=\"elementor-element elementor-element-444eb6d elementor-widget elementor-widget-heading\" data-id=\"444eb6d\" data-element_type=\"widget\" data-widget_type=\"heading.default\">\n\t\t\t\t\t<h2 class=\"elementor-heading-title elementor-size-default\">A qui s'addresse ce service ?<\/h2>\t\t\t\t<\/div>\n\t\t\t\t<div class=\"elementor-element elementor-element-0817a6c elementor-widget elementor-widget-text-editor\" data-id=\"0817a6c\" data-element_type=\"widget\" data-widget_type=\"text-editor.default\">\n\t\t\t\t\t\t\t\t\t<p data-start=\"1021\" data-end=\"1218\">Le service de <strong data-start=\"1035\" data-end=\"1070\">gestion de patrimoine financier<\/strong> s\u2019adresse \u00e0 toute personne souhaitant structurer, valoriser ou transmettre son patrimoine de mani\u00e8re optimale.<br data-start=\"1181\" data-end=\"1184\" \/>Il est particuli\u00e8rement adapt\u00e9 :<\/p><ul data-start=\"1219\" data-end=\"1851\"><li data-start=\"1219\" data-end=\"1336\"><p data-start=\"1221\" data-end=\"1336\">aux <strong data-start=\"1225\" data-end=\"1237\">salari\u00e9s<\/strong> et <strong data-start=\"1241\" data-end=\"1251\">cadres<\/strong> voulant pr\u00e9parer leur retraite, investir intelligemment ou all\u00e9ger leur fiscalit\u00e9,<\/p><\/li><li data-start=\"1337\" data-end=\"1462\"><p data-start=\"1339\" data-end=\"1462\">aux <strong data-start=\"1343\" data-end=\"1360\">entrepreneurs<\/strong> et <strong data-start=\"1364\" data-end=\"1391\">professionnels lib\u00e9raux<\/strong> d\u00e9sireux de prot\u00e9ger leurs revenus et faire fructifier leur capital,<\/p><\/li><li data-start=\"1463\" data-end=\"1581\"><p data-start=\"1465\" data-end=\"1581\">aux <strong data-start=\"1469\" data-end=\"1481\">familles<\/strong> souhaitant organiser la transmission de leur patrimoine ou planifier les \u00e9tudes de leurs enfants,<\/p><\/li><li data-start=\"1582\" data-end=\"1692\"><p data-start=\"1584\" data-end=\"1692\">aux <strong data-start=\"1588\" data-end=\"1611\">personnes fortun\u00e9es<\/strong> recherchant des solutions d\u2019investissement sur mesure avec un suivi rigoureux,<\/p><\/li><li data-start=\"1693\" data-end=\"1851\"><p data-start=\"1695\" data-end=\"1851\">ou encore \u00e0 tout individu ayant per\u00e7u une somme importante (h\u00e9ritage, vente d\u2019un bien, etc.) et souhaitant \u00eatre accompagn\u00e9 dans ses d\u00e9cisions financi\u00e8res.<\/p><\/li><\/ul><p data-start=\"1853\" data-end=\"1998\">Quel que soit votre profil, nos conseillers s\u2019adaptent \u00e0 vos besoins pour faire de votre patrimoine un levier puissant au service de vos projets.<\/p>\t\t\t\t\t\t\t\t<\/div>\n\t\t\t\t\t<\/div>\n\t\t\t\t<\/div>\n\t\t<div class=\"elementor-element elementor-element-c0df8f6 e-con-full e-flex e-con e-parent\" data-id=\"c0df8f6\" data-element_type=\"container\" data-settings=\"{&quot;background_background&quot;:&quot;classic&quot;}\">\n\t\t<div class=\"elementor-element elementor-element-547e7dd e-con-full e-flex e-con e-child\" data-id=\"547e7dd\" data-element_type=\"container\">\n\t\t\t\t<div class=\"elementor-element elementor-element-3dac375 animated-slow elementor-widget elementor-widget-heading\" data-id=\"3dac375\" data-element_type=\"widget\" data-settings=\"{&quot;_animation&quot;:&quot;none&quot;}\" data-widget_type=\"heading.default\">\n\t\t\t\t\t<h2 class=\"elementor-heading-title elementor-size-default\">CCA Bourse<\/h2>\t\t\t\t<\/div>\n\t\t\t\t<div class=\"elementor-element elementor-element-1ba00ae animated-slow elementor-widget elementor-widget-heading\" data-id=\"1ba00ae\" data-element_type=\"widget\" data-settings=\"{&quot;_animation&quot;:&quot;none&quot;}\" data-widget_type=\"heading.default\">\n\t\t\t\t\t<h2 class=\"elementor-heading-title elementor-size-default\">Investissez comme un pro<\/h2>\t\t\t\t<\/div>\n\t\t\t\t<div class=\"elementor-element elementor-element-064030f elementor-align-left elementor-widget elementor-widget-button\" data-id=\"064030f\" data-element_type=\"widget\" data-widget_type=\"button.default\">\n\t\t\t\t\t\t\t\t\t\t<a class=\"elementor-button elementor-button-link elementor-size-md elementor-animation-grow\" href=\"https:\/\/cca-bourse.com\/index.php\/services\/\">\n\t\t\t\t\t\t<span class=\"elementor-button-content-wrapper\">\n\t\t\t\t\t\t\t\t\t<span class=\"elementor-button-text\">Devenir client<\/span>\n\t\t\t\t\t<\/span>\n\t\t\t\t\t<\/a>\n\t\t\t\t\t\t\t\t<\/div>\n\t\t\t\t<\/div>\n\t\t<div class=\"elementor-element elementor-element-62eebdf e-con-full e-flex e-con e-child\" data-id=\"62eebdf\" data-element_type=\"container\">\n\t\t\t\t<div class=\"elementor-element elementor-element-1df323f elementor-widget__width-initial elementor-widget elementor-widget-image\" data-id=\"1df323f\" data-element_type=\"widget\" data-widget_type=\"image.default\">\n\t\t\t\t\t\t\t\t\t\t\t\t\t\t\t<img loading=\"lazy\" decoding=\"async\" width=\"1024\" height=\"682\" src=\"https:\/\/cca-bourse.com\/wp-content\/uploads\/2025\/08\/40197-1024x682.jpg\" class=\"attachment-large size-large wp-image-2167\" alt=\"\" srcset=\"https:\/\/cca-bourse.com\/wp-content\/uploads\/2025\/08\/40197-1024x682.jpg 1024w, https:\/\/cca-bourse.com\/wp-content\/uploads\/2025\/08\/40197-300x200.jpg 300w, https:\/\/cca-bourse.com\/wp-content\/uploads\/2025\/08\/40197-768x512.jpg 768w, https:\/\/cca-bourse.com\/wp-content\/uploads\/2025\/08\/40197-1536x1024.jpg 1536w, https:\/\/cca-bourse.com\/wp-content\/uploads\/2025\/08\/40197.jpg 2000w\" sizes=\"(max-width: 1024px) 100vw, 1024px\" \/>\t\t\t\t\t\t\t\t\t\t\t\t\t\t\t<\/div>\n\t\t\t\t<\/div>\n\t\t\t\t<\/div>\n\t\t\t\t<\/div>\n\t\t","protected":false},"excerpt":{"rendered":"<p>Conseil en gestion de patrimoine financier\u200b Chez CCA Bourse, nous vous aidons \u00e0 donner du sens \u00e0 votre patrimoine. Gr\u00e2ce<\/p>\n","protected":false},"author":2,"featured_media":0,"parent":0,"menu_order":0,"comment_status":"closed","ping_status":"closed","template":"","meta":{"_acf_changed":false,"ocean_post_layout":"","ocean_both_sidebars_style":"","ocean_both_sidebars_content_width":0,"ocean_both_sidebars_sidebars_width":0,"ocean_sidebar":"","ocean_second_sidebar":"","ocean_disable_margins":"enable","ocean_add_body_class":"","ocean_shortcode_before_top_bar":"","ocean_shortcode_after_top_bar":"","ocean_shortcode_before_header":"","ocean_shortcode_after_header":"","ocean_has_shortcode":"","ocean_shortcode_after_title":"","ocean_shortcode_before_footer_widgets":"","ocean_shortcode_after_footer_widgets":"","ocean_shortcode_before_footer_bottom":"","ocean_shortcode_after_footer_bottom":"","ocean_display_top_bar":"default","ocean_display_header":"default","ocean_header_style":"","ocean_center_header_left_menu":"","ocean_custom_header_template":"","ocean_custom_logo":0,"ocean_custom_retina_logo":0,"ocean_custom_logo_max_width":0,"ocean_custom_logo_tablet_max_width":0,"ocean_custom_logo_mobile_max_width":0,"ocean_custom_logo_max_height":0,"ocean_custom_logo_tablet_max_height":0,"ocean_custom_logo_mobile_max_height":0,"ocean_header_custom_menu":"","ocean_menu_typo_font_family":"","ocean_menu_typo_font_subset":"","ocean_menu_typo_font_size":0,"ocean_menu_typo_font_size_tablet":0,"ocean_menu_typo_font_size_mobile":0,"ocean_menu_typo_font_size_unit":"px","ocean_menu_typo_font_weight":"","ocean_menu_typo_font_weight_tablet":"","ocean_menu_typo_font_weight_mobile":"","ocean_menu_typo_transform":"","ocean_menu_typo_transform_tablet":"","ocean_menu_typo_transform_mobile":"","ocean_menu_typo_line_height":0,"ocean_menu_typo_line_height_tablet":0,"ocean_menu_typo_line_height_mobile":0,"ocean_menu_typo_line_height_unit":"","ocean_menu_typo_spacing":0,"ocean_menu_typo_spacing_tablet":0,"ocean_menu_typo_spacing_mobile":0,"ocean_menu_typo_spacing_unit":"","ocean_menu_link_color":"","ocean_menu_link_color_hover":"","ocean_menu_link_color_active":"","ocean_menu_link_background":"","ocean_menu_link_hover_background":"","ocean_menu_link_active_background":"","ocean_menu_social_links_bg":"","ocean_menu_social_hover_links_bg":"","ocean_menu_social_links_color":"","ocean_menu_social_hover_links_color":"","ocean_disable_title":"default","ocean_disable_heading":"default","ocean_post_title":"","ocean_post_subheading":"","ocean_post_title_style":"","ocean_post_title_background_color":"","ocean_post_title_background":0,"ocean_post_title_bg_image_position":"","ocean_post_title_bg_image_attachment":"","ocean_post_title_bg_image_repeat":"","ocean_post_title_bg_image_size":"","ocean_post_title_height":0,"ocean_post_title_bg_overlay":0.5,"ocean_post_title_bg_overlay_color":"","ocean_disable_breadcrumbs":"default","ocean_breadcrumbs_color":"","ocean_breadcrumbs_separator_color":"","ocean_breadcrumbs_links_color":"","ocean_breadcrumbs_links_hover_color":"","ocean_display_footer_widgets":"default","ocean_display_footer_bottom":"default","ocean_custom_footer_template":"","_joinchat":[],"footnotes":""},"class_list":["post-2919","page","type-page","status-publish","hentry","entry","has-media"],"acf":[],"_links":{"self":[{"href":"https:\/\/cca-bourse.com\/index.php\/wp-json\/wp\/v2\/pages\/2919","targetHints":{"allow":["GET"]}}],"collection":[{"href":"https:\/\/cca-bourse.com\/index.php\/wp-json\/wp\/v2\/pages"}],"about":[{"href":"https:\/\/cca-bourse.com\/index.php\/wp-json\/wp\/v2\/types\/page"}],"author":[{"embeddable":true,"href":"https:\/\/cca-bourse.com\/index.php\/wp-json\/wp\/v2\/users\/2"}],"replies":[{"embeddable":true,"href":"https:\/\/cca-bourse.com\/index.php\/wp-json\/wp\/v2\/comments?post=2919"}],"version-history":[{"count":13,"href":"https:\/\/cca-bourse.com\/index.php\/wp-json\/wp\/v2\/pages\/2919\/revisions"}],"predecessor-version":[{"id":5201,"href":"https:\/\/cca-bourse.com\/index.php\/wp-json\/wp\/v2\/pages\/2919\/revisions\/5201"}],"wp:attachment":[{"href":"https:\/\/cca-bourse.com\/index.php\/wp-json\/wp\/v2\/media?parent=2919"}],"curies":[{"name":"wp","href":"https:\/\/api.w.org\/{rel}","templated":true}]}}