{"id":2885,"date":"2025-08-07T11:15:55","date_gmt":"2025-08-07T09:15:55","guid":{"rendered":"https:\/\/cca-bourse.com\/?page_id=2885"},"modified":"2025-12-18T22:44:39","modified_gmt":"2025-12-18T21:44:39","slug":"tenue-de-compte-et-conservation","status":"publish","type":"page","link":"https:\/\/cca-bourse.com\/index.php\/tenue-de-compte-et-conservation\/","title":{"rendered":"Tenue de compte et conservation"},"content":{"rendered":"\t\t<div data-elementor-type=\"wp-page\" data-elementor-id=\"2885\" class=\"elementor elementor-2885\" data-elementor-post-type=\"page\">\n\t\t\t\t<div class=\"elementor-element elementor-element-a6dd99f e-flex e-con-boxed e-con e-parent\" data-id=\"a6dd99f\" data-element_type=\"container\">\n\t\t\t\t\t<div class=\"e-con-inner\">\n\t\t<div class=\"elementor-element elementor-element-ecd3a5d e-con-full e-flex e-con e-child\" data-id=\"ecd3a5d\" data-element_type=\"container\" data-settings=\"{&quot;background_background&quot;:&quot;gradient&quot;}\">\n\t\t\t\t<div class=\"elementor-element elementor-element-2e3eaab elementor-widget elementor-widget-hfe-breadcrumbs-widget\" data-id=\"2e3eaab\" data-element_type=\"widget\" data-widget_type=\"hfe-breadcrumbs-widget.default\">\n\t\t\t\t<div class=\"elementor-widget-container\">\n\t\t\t\t\t<nav aria-label=\"Breadcrumb\"><ul class=\"hfe-breadcrumbs hfe-breadcrumbs-show-home\"><li class=\"hfe-breadcrumbs-item hfe-breadcrumbs-first\"><span class=\"hfe-breadcrumbs-home-icon\"><\/span><a href=\"https:\/\/cca-bourse.com\"><span class=\"hfe-breadcrumbs-text\">Accueil<\/span><\/a><\/li><\/ul><\/nav>\t\t\t\t<\/div>\n\t\t\t\t<\/div>\n\t\t\t\t<\/div>\n\t\t\t\t\t<\/div>\n\t\t\t\t<\/div>\n\t\t<div class=\"elementor-element elementor-element-1f56700 e-flex e-con-boxed e-con e-parent\" data-id=\"1f56700\" data-element_type=\"container\">\n\t\t\t\t\t<div class=\"e-con-inner\">\n\t\t<div class=\"elementor-element elementor-element-fe67ca5 e-con-full e-flex e-con e-child\" data-id=\"fe67ca5\" data-element_type=\"container\">\n\t\t\t\t<div class=\"elementor-element elementor-element-34ee81a elementor-widget elementor-widget-image\" data-id=\"34ee81a\" data-element_type=\"widget\" data-widget_type=\"image.default\">\n\t\t\t\t\t\t\t\t\t\t\t\t\t\t\t<img fetchpriority=\"high\" decoding=\"async\" width=\"1024\" height=\"682\" src=\"https:\/\/cca-bourse.com\/wp-content\/uploads\/2025\/08\/40197-1-1024x682.jpg\" class=\"attachment-large size-large wp-image-2941\" alt=\"\" srcset=\"https:\/\/cca-bourse.com\/wp-content\/uploads\/2025\/08\/40197-1-1024x682.jpg 1024w, https:\/\/cca-bourse.com\/wp-content\/uploads\/2025\/08\/40197-1-300x200.jpg 300w, https:\/\/cca-bourse.com\/wp-content\/uploads\/2025\/08\/40197-1-768x512.jpg 768w, https:\/\/cca-bourse.com\/wp-content\/uploads\/2025\/08\/40197-1-1536x1024.jpg 1536w, https:\/\/cca-bourse.com\/wp-content\/uploads\/2025\/08\/40197-1-50x33.jpg 50w, https:\/\/cca-bourse.com\/wp-content\/uploads\/2025\/08\/40197-1-100x67.jpg 100w, https:\/\/cca-bourse.com\/wp-content\/uploads\/2025\/08\/40197-1.jpg 2000w\" sizes=\"(max-width: 1024px) 100vw, 1024px\" \/>\t\t\t\t\t\t\t\t\t\t\t\t\t\t\t<\/div>\n\t\t\t\t<div class=\"elementor-element elementor-element-216ca3d elementor-widget elementor-widget-heading\" data-id=\"216ca3d\" data-element_type=\"widget\" data-widget_type=\"heading.default\">\n\t\t\t\t\t<h2 class=\"elementor-heading-title elementor-size-default\">Tenue de compte et conservation<\/h2>\t\t\t\t<\/div>\n\t\t\t\t<div class=\"elementor-element elementor-element-ca6c17b elementor-widget elementor-widget-text-editor\" data-id=\"ca6c17b\" data-element_type=\"widget\" data-widget_type=\"text-editor.default\">\n\t\t\t\t\t\t\t\t\t<p data-start=\"206\" data-end=\"306\"><strong data-start=\"206\" data-end=\"306\">Des solutions sur mesure pour construire, faire cro\u00eetre et p\u00e9renniser votre patrimoine financier<\/strong><\/p><p data-start=\"261\" data-end=\"804\">Simplifiez vos d\u00e9marches d\u2019investissement avec CCA Bourse. Nous mettons \u00e0 votre disposition une gamme compl\u00e8te de services pour vous accompagner dans la transmission d\u2019ordres, la gestion de vos valeurs mobili\u00e8res et l\u2019acquisition de produits financiers. Gr\u00e2ce \u00e0 notre expertise et nos outils performants, profitez d\u2019un accompagnement fiable et personnalis\u00e9 \u00e0 chaque \u00e9tape. Que ce soit pour investir, s\u00e9curiser vos actifs ou optimiser votre portefeuille, notre mission est de rendre vos op\u00e9rations plus simples, plus rapides et plus s\u00e9curis\u00e9es.<\/p>\t\t\t\t\t\t\t\t<\/div>\n\t\t\t\t<div class=\"elementor-element elementor-element-3778dd5 elementor-icon-list--layout-traditional elementor-list-item-link-full_width elementor-widget elementor-widget-icon-list\" data-id=\"3778dd5\" data-element_type=\"widget\" data-widget_type=\"icon-list.default\">\n\t\t\t\t\t\t\t<ul class=\"elementor-icon-list-items\">\n\t\t\t\t\t\t\t<li class=\"elementor-icon-list-item\">\n\t\t\t\t\t\t\t\t\t\t\t<span class=\"elementor-icon-list-icon\">\n\t\t\t\t\t\t\t<svg aria-hidden=\"true\" class=\"e-font-icon-svg e-fas-check-circle\" viewBox=\"0 0 512 512\" xmlns=\"http:\/\/www.w3.org\/2000\/svg\"><path d=\"M504 256c0 136.967-111.033 248-248 248S8 392.967 8 256 119.033 8 256 8s248 111.033 248 248zM227.314 387.314l184-184c6.248-6.248 6.248-16.379 0-22.627l-22.627-22.627c-6.248-6.249-16.379-6.249-22.628 0L216 308.118l-70.059-70.059c-6.248-6.248-16.379-6.248-22.628 0l-22.627 22.627c-6.248 6.248-6.248 16.379 0 22.627l104 104c6.249 6.249 16.379 6.249 22.628.001z\"><\/path><\/svg>\t\t\t\t\t\t<\/span>\n\t\t\t\t\t\t\t\t\t\t<span class=\"elementor-icon-list-text\">Gestion administrative des titres : Suivi de vos comptes, relev\u00e9s d\u00e9taill\u00e9s et mise \u00e0 jour r\u00e9guli\u00e8re pour garantir une visibilit\u00e9 totale sur vos actifs.<\/span>\n\t\t\t\t\t\t\t\t\t<\/li>\n\t\t\t\t\t\t\t\t<li class=\"elementor-icon-list-item\">\n\t\t\t\t\t\t\t\t\t\t\t<span class=\"elementor-icon-list-icon\">\n\t\t\t\t\t\t\t<svg aria-hidden=\"true\" class=\"e-font-icon-svg e-fas-check-circle\" viewBox=\"0 0 512 512\" xmlns=\"http:\/\/www.w3.org\/2000\/svg\"><path d=\"M504 256c0 136.967-111.033 248-248 248S8 392.967 8 256 119.033 8 256 8s248 111.033 248 248zM227.314 387.314l184-184c6.248-6.248 6.248-16.379 0-22.627l-22.627-22.627c-6.248-6.249-16.379-6.249-22.628 0L216 308.118l-70.059-70.059c-6.248-6.248-16.379-6.248-22.628 0l-22.627 22.627c-6.248 6.248-6.248 16.379 0 22.627l104 104c6.249 6.249 16.379 6.249 22.628.001z\"><\/path><\/svg>\t\t\t\t\t\t<\/span>\n\t\t\t\t\t\t\t\t\t\t<span class=\"elementor-icon-list-text\">S\u00e9curisation des actifs : Conservation conforme aux normes r\u00e9glementaires, protection contre le vol ou la perte, et gestion s\u00e9curis\u00e9e des op\u00e9rations financi\u00e8res.<\/span>\n\t\t\t\t\t\t\t\t\t<\/li>\n\t\t\t\t\t\t\t\t<li class=\"elementor-icon-list-item\">\n\t\t\t\t\t\t\t\t\t\t\t<span class=\"elementor-icon-list-icon\">\n\t\t\t\t\t\t\t<svg aria-hidden=\"true\" class=\"e-font-icon-svg e-fas-check-circle\" viewBox=\"0 0 512 512\" xmlns=\"http:\/\/www.w3.org\/2000\/svg\"><path d=\"M504 256c0 136.967-111.033 248-248 248S8 392.967 8 256 119.033 8 256 8s248 111.033 248 248zM227.314 387.314l184-184c6.248-6.248 6.248-16.379 0-22.627l-22.627-22.627c-6.248-6.249-16.379-6.249-22.628 0L216 308.118l-70.059-70.059c-6.248-6.248-16.379-6.248-22.628 0l-22.627 22.627c-6.248 6.248-6.248 16.379 0 22.627l104 104c6.249 6.249 16.379 6.249 22.628.001z\"><\/path><\/svg>\t\t\t\t\t\t<\/span>\n\t\t\t\t\t\t\t\t\t\t<span class=\"elementor-icon-list-text\">Op\u00e9rations sp\u00e9cifiques : Nantissement de titres pour obtenir des financements et assistance dans le transfert ou la gestion de vos actifs sur le march\u00e9.<\/span>\n\t\t\t\t\t\t\t\t\t<\/li>\n\t\t\t\t\t\t<\/ul>\n\t\t\t\t\t\t<\/div>\n\t\t<div class=\"elementor-element elementor-element-7195479 e-con-full e-flex e-con e-child\" data-id=\"7195479\" data-element_type=\"container\">\n\t\t\t\t<div class=\"elementor-element elementor-element-f941d36 elementor-widget elementor-widget-heading\" data-id=\"f941d36\" data-element_type=\"widget\" data-widget_type=\"heading.default\">\n\t\t\t\t\t<h2 class=\"elementor-heading-title elementor-size-default\">A qui s'addresse ce service ?<\/h2>\t\t\t\t<\/div>\n\t\t\t\t<div class=\"elementor-element elementor-element-8c62740 elementor-widget elementor-widget-text-editor\" data-id=\"8c62740\" data-element_type=\"widget\" data-widget_type=\"text-editor.default\">\n\t\t\t\t\t\t\t\t\t<p data-start=\"2031\" data-end=\"2099\">Le service de <strong data-start=\"2045\" data-end=\"2080\">tenue de compte et conservation<\/strong> est con\u00e7u pour :<\/p><ul data-start=\"2100\" data-end=\"2662\"><li data-start=\"2100\" data-end=\"2208\"><p data-start=\"2102\" data-end=\"2208\"><strong data-start=\"2102\" data-end=\"2131\">Investisseurs individuels<\/strong> : souhaitant que leurs titres soient g\u00e9r\u00e9s et conserv\u00e9s en toute s\u00e9curit\u00e9.<\/p><\/li><li data-start=\"2209\" data-end=\"2360\"><p data-start=\"2211\" data-end=\"2360\"><strong data-start=\"2211\" data-end=\"2254\">Institutions financi\u00e8res et entreprises<\/strong> : ayant besoin d\u2019une gestion administrative rigoureuse et d\u2019une conservation s\u00e9curis\u00e9e de leurs actifs.<\/p><\/li><li data-start=\"2361\" data-end=\"2509\"><p data-start=\"2363\" data-end=\"2509\"><strong data-start=\"2363\" data-end=\"2410\">Clients utilisant le nantissement de titres<\/strong> : qui souhaitent utiliser leurs titres comme garantie dans le cadre de financements ou de pr\u00eats.<\/p><\/li><li data-start=\"2510\" data-end=\"2662\"><p data-start=\"2512\" data-end=\"2662\"><strong data-start=\"2512\" data-end=\"2582\">Particuliers ou professionnels souhaitant la tranquillit\u00e9 d\u2019esprit<\/strong> : en confiant la conservation et la gestion administrative \u00e0 un acteur agr\u00e9\u00e9.<\/p><\/li><\/ul><p data-start=\"2664\" data-end=\"2752\"><em data-start=\"2664\" data-end=\"2750\">B\u00e9n\u00e9fice client : s\u00e9curit\u00e9, tra\u00e7abilit\u00e9 et gestion simplifi\u00e9e des titres financiers.<\/em><\/p>\t\t\t\t\t\t\t\t<\/div>\n\t\t\t\t<\/div>\n\t\t\t\t<\/div>\n\t\t<div class=\"elementor-element elementor-element-1fd0658 e-con-full e-flex e-con e-child\" data-id=\"1fd0658\" data-element_type=\"container\" data-settings=\"{&quot;sticky&quot;:&quot;top&quot;,&quot;sticky_offset&quot;:80,&quot;sticky_parent&quot;:&quot;yes&quot;,&quot;sticky_on&quot;:[&quot;desktop&quot;,&quot;tablet&quot;,&quot;mobile&quot;],&quot;sticky_effects_offset&quot;:0,&quot;sticky_anchor_link_offset&quot;:0}\">\n\t\t\t\t<div class=\"elementor-element elementor-element-43e3249 elementor-grid-1 elementor-grid-tablet-2 elementor-grid-mobile-1 elementor-posts--thumbnail-top elementor-widget elementor-widget-posts\" data-id=\"43e3249\" data-element_type=\"widget\" data-settings=\"{&quot;classic_columns&quot;:&quot;1&quot;,&quot;classic_columns_tablet&quot;:&quot;2&quot;,&quot;classic_columns_mobile&quot;:&quot;1&quot;,&quot;classic_row_gap&quot;:{&quot;unit&quot;:&quot;px&quot;,&quot;size&quot;:35,&quot;sizes&quot;:[]},&quot;classic_row_gap_tablet&quot;:{&quot;unit&quot;:&quot;px&quot;,&quot;size&quot;:&quot;&quot;,&quot;sizes&quot;:[]},&quot;classic_row_gap_mobile&quot;:{&quot;unit&quot;:&quot;px&quot;,&quot;size&quot;:&quot;&quot;,&quot;sizes&quot;:[]}}\" data-widget_type=\"posts.classic\">\n\t\t\t\t<div class=\"elementor-widget-container\">\n\t\t\t\t\t\t\t<div class=\"elementor-posts-container elementor-posts elementor-posts--skin-classic elementor-grid\" role=\"list\">\n\t\t\t\t<article class=\"elementor-post elementor-grid-item post-6481 post type-post status-publish format-standard has-post-thumbnail hentry category-news entry has-media\" role=\"listitem\">\n\t\t\t\t<a class=\"elementor-post__thumbnail__link\" href=\"https:\/\/cca-bourse.com\/index.php\/2025\/11\/20\/introduction-en-bourse-de-bgfi-holding-corporation\/\" tabindex=\"-1\" >\n\t\t\t<div class=\"elementor-post__thumbnail\"><img decoding=\"async\" width=\"216\" height=\"300\" src=\"https:\/\/cca-bourse.com\/wp-content\/uploads\/2025\/12\/Couverure-doc-dinformation-CCA@3x-216x300.webp\" class=\"attachment-medium size-medium wp-image-6499\" alt=\"\" srcset=\"https:\/\/cca-bourse.com\/wp-content\/uploads\/2025\/12\/Couverure-doc-dinformation-CCA@3x-216x300.webp 216w, https:\/\/cca-bourse.com\/wp-content\/uploads\/2025\/12\/Couverure-doc-dinformation-CCA@3x-738x1024.webp 738w, https:\/\/cca-bourse.com\/wp-content\/uploads\/2025\/12\/Couverure-doc-dinformation-CCA@3x-768x1065.webp 768w, https:\/\/cca-bourse.com\/wp-content\/uploads\/2025\/12\/Couverure-doc-dinformation-CCA@3x-1107x1536.webp 1107w, https:\/\/cca-bourse.com\/wp-content\/uploads\/2025\/12\/Couverure-doc-dinformation-CCA@3x-1477x2048.webp 1477w, https:\/\/cca-bourse.com\/wp-content\/uploads\/2025\/12\/Couverure-doc-dinformation-CCA@3x-1320x1831.webp 1320w, https:\/\/cca-bourse.com\/wp-content\/uploads\/2025\/12\/Couverure-doc-dinformation-CCA@3x-scaled.webp 1846w\" sizes=\"(max-width: 216px) 100vw, 216px\" \/><\/div>\n\t\t<\/a>\n\t\t\t\t<div class=\"elementor-post__text\">\n\t\t\t\t<h3 class=\"elementor-post__title\">\n\t\t\t<a href=\"https:\/\/cca-bourse.com\/index.php\/2025\/11\/20\/introduction-en-bourse-de-bgfi-holding-corporation\/\" >\n\t\t\t\tIntroduction en Bourse de BGFI Holding Corporation\t\t\t<\/a>\n\t\t<\/h3>\n\t\t\t\t<div class=\"elementor-post__meta-data\">\n\t\t\t\t\t<span class=\"elementor-post-date\">\n\t\t\t20 novembre 2025\t\t<\/span>\n\t\t\t\t<\/div>\n\t\t\n\t\t<a class=\"elementor-post__read-more\" href=\"https:\/\/cca-bourse.com\/index.php\/2025\/11\/20\/introduction-en-bourse-de-bgfi-holding-corporation\/\" aria-label=\"En savoir plus sur Introduction en Bourse de BGFI Holding Corporation\" tabindex=\"-1\" >\n\t\t\tLire la suite \u00bb\t\t<\/a>\n\n\t\t\t\t<\/div>\n\t\t\t\t<\/article>\n\t\t\t\t<article class=\"elementor-post elementor-grid-item post-6248 post type-post status-publish format-standard has-post-thumbnail hentry category-news entry has-media\" role=\"listitem\">\n\t\t\t\t<a class=\"elementor-post__thumbnail__link\" href=\"https:\/\/cca-bourse.com\/index.php\/2025\/11\/19\/gabon-le-projet-de-loi-de-finances-2026-bondit-a-7-2333-milliards-fcfa-72\/\" tabindex=\"-1\" >\n\t\t\t<div class=\"elementor-post__thumbnail\"><img decoding=\"async\" width=\"300\" height=\"196\" src=\"https:\/\/cca-bourse.com\/wp-content\/uploads\/2025\/11\/Frame-1000002591-300x196.png\" class=\"attachment-medium size-medium wp-image-6249\" alt=\"\" srcset=\"https:\/\/cca-bourse.com\/wp-content\/uploads\/2025\/11\/Frame-1000002591-300x196.png 300w, https:\/\/cca-bourse.com\/wp-content\/uploads\/2025\/11\/Frame-1000002591.png 405w\" sizes=\"(max-width: 300px) 100vw, 300px\" \/><\/div>\n\t\t<\/a>\n\t\t\t\t<div class=\"elementor-post__text\">\n\t\t\t\t<h3 class=\"elementor-post__title\">\n\t\t\t<a href=\"https:\/\/cca-bourse.com\/index.php\/2025\/11\/19\/gabon-le-projet-de-loi-de-finances-2026-bondit-a-7-2333-milliards-fcfa-72\/\" >\n\t\t\t\tGabon : le projet de loi de finances 2026 bondit \u00e0 7\u202f233,3\u202fmilliards\u202fFCFA, +72\u202f%\t\t\t<\/a>\n\t\t<\/h3>\n\t\t\t\t<div class=\"elementor-post__meta-data\">\n\t\t\t\t\t<span class=\"elementor-post-date\">\n\t\t\t19 novembre 2025\t\t<\/span>\n\t\t\t\t<\/div>\n\t\t\n\t\t<a class=\"elementor-post__read-more\" href=\"https:\/\/cca-bourse.com\/index.php\/2025\/11\/19\/gabon-le-projet-de-loi-de-finances-2026-bondit-a-7-2333-milliards-fcfa-72\/\" aria-label=\"En savoir plus sur Gabon : le projet de loi de finances 2026 bondit \u00e0 7\u202f233,3\u202fmilliards\u202fFCFA, +72\u202f%\" tabindex=\"-1\" >\n\t\t\tLire la suite \u00bb\t\t<\/a>\n\n\t\t\t\t<\/div>\n\t\t\t\t<\/article>\n\t\t\t\t<\/div>\n\t\t\n\t\t\t\t\t\t<\/div>\n\t\t\t\t<\/div>\n\t\t\t\t<\/div>\n\t\t\t\t\t<\/div>\n\t\t\t\t<\/div>\n\t\t\t\t<\/div>\n\t\t","protected":false},"excerpt":{"rendered":"<p>Accueil Tenue de compte et conservation Des solutions sur mesure pour construire, faire cro\u00eetre et p\u00e9renniser votre patrimoine financier Simplifiez<\/p>\n","protected":false},"author":2,"featured_media":0,"parent":0,"menu_order":0,"comment_status":"closed","ping_status":"closed","template":"","meta":{"_acf_changed":false,"ocean_post_layout":"","ocean_both_sidebars_style":"","ocean_both_sidebars_content_width":0,"ocean_both_sidebars_sidebars_width":0,"ocean_sidebar":"","ocean_second_sidebar":"","ocean_disable_margins":"enable","ocean_add_body_class":"","ocean_shortcode_before_top_bar":"","ocean_shortcode_after_top_bar":"","ocean_shortcode_before_header":"","ocean_shortcode_after_header":"","ocean_has_shortcode":"","ocean_shortcode_after_title":"","ocean_shortcode_before_footer_widgets":"","ocean_shortcode_after_footer_widgets":"","ocean_shortcode_before_footer_bottom":"","ocean_shortcode_after_footer_bottom":"","ocean_display_top_bar":"default","ocean_display_header":"default","ocean_header_style":"","ocean_center_header_left_menu":"","ocean_custom_header_template":"","ocean_custom_logo":0,"ocean_custom_retina_logo":0,"ocean_custom_logo_max_width":0,"ocean_custom_logo_tablet_max_width":0,"ocean_custom_logo_mobile_max_width":0,"ocean_custom_logo_max_height":0,"ocean_custom_logo_tablet_max_height":0,"ocean_custom_logo_mobile_max_height":0,"ocean_header_custom_menu":"","ocean_menu_typo_font_family":"","ocean_menu_typo_font_subset":"","ocean_menu_typo_font_size":0,"ocean_menu_typo_font_size_tablet":0,"ocean_menu_typo_font_size_mobile":0,"ocean_menu_typo_font_size_unit":"px","ocean_menu_typo_font_weight":"","ocean_menu_typo_font_weight_tablet":"","ocean_menu_typo_font_weight_mobile":"","ocean_menu_typo_transform":"","ocean_menu_typo_transform_tablet":"","ocean_menu_typo_transform_mobile":"","ocean_menu_typo_line_height":0,"ocean_menu_typo_line_height_tablet":0,"ocean_menu_typo_line_height_mobile":0,"ocean_menu_typo_line_height_unit":"","ocean_menu_typo_spacing":0,"ocean_menu_typo_spacing_tablet":0,"ocean_menu_typo_spacing_mobile":0,"ocean_menu_typo_spacing_unit":"","ocean_menu_link_color":"","ocean_menu_link_color_hover":"","ocean_menu_link_color_active":"","ocean_menu_link_background":"","ocean_menu_link_hover_background":"","ocean_menu_link_active_background":"","ocean_menu_social_links_bg":"","ocean_menu_social_hover_links_bg":"","ocean_menu_social_links_color":"","ocean_menu_social_hover_links_color":"","ocean_disable_title":"on","ocean_disable_heading":"default","ocean_post_title":"","ocean_post_subheading":"","ocean_post_title_style":"","ocean_post_title_background_color":"","ocean_post_title_background":0,"ocean_post_title_bg_image_position":"","ocean_post_title_bg_image_attachment":"","ocean_post_title_bg_image_repeat":"","ocean_post_title_bg_image_size":"","ocean_post_title_height":0,"ocean_post_title_bg_overlay":0.5,"ocean_post_title_bg_overlay_color":"","ocean_disable_breadcrumbs":"default","ocean_breadcrumbs_color":"","ocean_breadcrumbs_separator_color":"","ocean_breadcrumbs_links_color":"","ocean_breadcrumbs_links_hover_color":"","ocean_display_footer_widgets":"default","ocean_display_footer_bottom":"default","ocean_custom_footer_template":"","_joinchat":[],"footnotes":""},"class_list":["post-2885","page","type-page","status-publish","hentry","entry","has-media"],"acf":[],"_links":{"self":[{"href":"https:\/\/cca-bourse.com\/index.php\/wp-json\/wp\/v2\/pages\/2885","targetHints":{"allow":["GET"]}}],"collection":[{"href":"https:\/\/cca-bourse.com\/index.php\/wp-json\/wp\/v2\/pages"}],"about":[{"href":"https:\/\/cca-bourse.com\/index.php\/wp-json\/wp\/v2\/types\/page"}],"author":[{"embeddable":true,"href":"https:\/\/cca-bourse.com\/index.php\/wp-json\/wp\/v2\/users\/2"}],"replies":[{"embeddable":true,"href":"https:\/\/cca-bourse.com\/index.php\/wp-json\/wp\/v2\/comments?post=2885"}],"version-history":[{"count":38,"href":"https:\/\/cca-bourse.com\/index.php\/wp-json\/wp\/v2\/pages\/2885\/revisions"}],"predecessor-version":[{"id":6893,"href":"https:\/\/cca-bourse.com\/index.php\/wp-json\/wp\/v2\/pages\/2885\/revisions\/6893"}],"wp:attachment":[{"href":"https:\/\/cca-bourse.com\/index.php\/wp-json\/wp\/v2\/media?parent=2885"}],"curies":[{"name":"wp","href":"https:\/\/api.w.org\/{rel}","templated":true}]}}