{"id":2744,"date":"2025-08-07T10:58:33","date_gmt":"2025-08-07T08:58:33","guid":{"rendered":"https:\/\/cca-bourse.com\/?page_id=2744"},"modified":"2025-12-10T19:46:31","modified_gmt":"2025-12-10T18:46:31","slug":"conseil-financie","status":"publish","type":"page","link":"https:\/\/cca-bourse.com\/index.php\/conseil-financie\/","title":{"rendered":"Conseil Financier"},"content":{"rendered":"\t\t<div data-elementor-type=\"wp-page\" data-elementor-id=\"2744\" class=\"elementor elementor-2744\" data-elementor-post-type=\"page\">\n\t\t\t\t<div class=\"elementor-element elementor-element-2a04bb5 e-flex e-con-boxed e-con e-parent\" data-id=\"2a04bb5\" data-element_type=\"container\">\n\t\t\t\t\t<div class=\"e-con-inner\">\n\t\t<div class=\"elementor-element elementor-element-98a8355 e-con-full e-flex e-con e-child\" data-id=\"98a8355\" data-element_type=\"container\" data-settings=\"{&quot;background_background&quot;:&quot;gradient&quot;}\">\n\t\t\t\t<div class=\"elementor-element elementor-element-b907193 elementor-widget elementor-widget-hfe-breadcrumbs-widget\" data-id=\"b907193\" data-element_type=\"widget\" data-widget_type=\"hfe-breadcrumbs-widget.default\">\n\t\t\t\t<div class=\"elementor-widget-container\">\n\t\t\t\t\t<nav aria-label=\"Breadcrumb\"><ul class=\"hfe-breadcrumbs hfe-breadcrumbs-show-home\"><li class=\"hfe-breadcrumbs-item hfe-breadcrumbs-first\"><span class=\"hfe-breadcrumbs-home-icon\"><\/span><a href=\"https:\/\/cca-bourse.com\"><span class=\"hfe-breadcrumbs-text\">Accueil<\/span><\/a><\/li><\/ul><\/nav>\t\t\t\t<\/div>\n\t\t\t\t<\/div>\n\t\t\t\t<\/div>\n\t\t\t\t\t<\/div>\n\t\t\t\t<\/div>\n\t\t<div class=\"elementor-element elementor-element-865338f e-flex e-con-boxed e-con e-parent\" data-id=\"865338f\" data-element_type=\"container\">\n\t\t\t\t\t<div class=\"e-con-inner\">\n\t\t<div class=\"elementor-element elementor-element-d2a9bfd e-con-full e-flex e-con e-child\" data-id=\"d2a9bfd\" data-element_type=\"container\">\n\t\t\t\t<div class=\"elementor-element elementor-element-14beab9 elementor-widget elementor-widget-image\" data-id=\"14beab9\" data-element_type=\"widget\" data-widget_type=\"image.default\">\n\t\t\t\t\t\t\t\t\t\t\t\t\t\t\t<img fetchpriority=\"high\" decoding=\"async\" width=\"1024\" height=\"1024\" src=\"https:\/\/cca-bourse.com\/wp-content\/uploads\/2025\/08\/image-services.png\" class=\"attachment-full size-full wp-image-3036\" alt=\"\" srcset=\"https:\/\/cca-bourse.com\/wp-content\/uploads\/2025\/08\/image-services.png 1024w, https:\/\/cca-bourse.com\/wp-content\/uploads\/2025\/08\/image-services-300x300.png 300w, https:\/\/cca-bourse.com\/wp-content\/uploads\/2025\/08\/image-services-150x150.png 150w, https:\/\/cca-bourse.com\/wp-content\/uploads\/2025\/08\/image-services-768x768.png 768w, https:\/\/cca-bourse.com\/wp-content\/uploads\/2025\/08\/image-services-600x600.png 600w, https:\/\/cca-bourse.com\/wp-content\/uploads\/2025\/08\/image-services-650x650.png 650w\" sizes=\"(max-width: 1024px) 100vw, 1024px\" \/>\t\t\t\t\t\t\t\t\t\t\t\t\t\t\t<\/div>\n\t\t\t\t<div class=\"elementor-element elementor-element-5f0d5b7 elementor-widget elementor-widget-heading\" data-id=\"5f0d5b7\" data-element_type=\"widget\" data-widget_type=\"heading.default\">\n\t\t\t\t\t<h2 class=\"elementor-heading-title elementor-size-default\">Conseil Financier : un accompagnement strat\u00e9gique sur mesure<\/h2>\t\t\t\t<\/div>\n\t\t\t\t<div class=\"elementor-element elementor-element-0281a3f elementor-widget elementor-widget-text-editor\" data-id=\"0281a3f\" data-element_type=\"widget\" data-widget_type=\"text-editor.default\">\n\t\t\t\t\t\t\t\t\t<p data-start=\"206\" data-end=\"306\">Chez <strong data-start=\"361\" data-end=\"375\">CCA Bourse<\/strong>, nous accompagnons nos clients dans la <strong data-start=\"415\" data-end=\"498\">structuration, l\u2019optimisation et la s\u00e9curisation de leurs d\u00e9cisions financi\u00e8res<\/strong>, en tenant compte de leurs objectifs et du contexte \u00e9conomique. Nos experts combinent <strong data-start=\"585\" data-end=\"656\">analyse financi\u00e8re, expertise strat\u00e9gique et connaissance du march\u00e9<\/strong> pour offrir des solutions adapt\u00e9es.<\/p>\t\t\t\t\t\t\t\t<\/div>\n\t\t\t\t<div class=\"elementor-element elementor-element-4d22fe8 elementor-icon-list--layout-traditional elementor-list-item-link-full_width elementor-widget elementor-widget-icon-list\" data-id=\"4d22fe8\" data-element_type=\"widget\" data-widget_type=\"icon-list.default\">\n\t\t\t\t\t\t\t<ul class=\"elementor-icon-list-items\">\n\t\t\t\t\t\t\t<li class=\"elementor-icon-list-item\">\n\t\t\t\t\t\t\t\t\t\t\t<span class=\"elementor-icon-list-icon\">\n\t\t\t\t\t\t\t<svg aria-hidden=\"true\" class=\"e-font-icon-svg e-fas-check-circle\" viewBox=\"0 0 512 512\" xmlns=\"http:\/\/www.w3.org\/2000\/svg\"><path d=\"M504 256c0 136.967-111.033 248-248 248S8 392.967 8 256 119.033 8 256 8s248 111.033 248 248zM227.314 387.314l184-184c6.248-6.248 6.248-16.379 0-22.627l-22.627-22.627c-6.248-6.249-16.379-6.249-22.628 0L216 308.118l-70.059-70.059c-6.248-6.248-16.379-6.248-22.628 0l-22.627 22.627c-6.248 6.248-6.248 16.379 0 22.627l104 104c6.249 6.249 16.379 6.249 22.628.001z\"><\/path><\/svg>\t\t\t\t\t\t<\/span>\n\t\t\t\t\t\t\t\t\t\t<span class=\"elementor-icon-list-text\">Ing\u00e9nierie financi\u00e8re : Nous structurons des op\u00e9rations de lev\u00e9e de fonds, de financement et de r\u00e9organisation capitalistique pour optimiser la structure financi\u00e8re de nos clients. Chaque projet est analys\u00e9 afin de s\u00e9curiser vos d\u00e9cisions et maximiser la valeur ajout\u00e9e.<\/span>\n\t\t\t\t\t\t\t\t\t<\/li>\n\t\t\t\t\t\t\t\t<li class=\"elementor-icon-list-item\">\n\t\t\t\t\t\t\t\t\t\t\t<span class=\"elementor-icon-list-icon\">\n\t\t\t\t\t\t\t<svg aria-hidden=\"true\" class=\"e-font-icon-svg e-fas-check-circle\" viewBox=\"0 0 512 512\" xmlns=\"http:\/\/www.w3.org\/2000\/svg\"><path d=\"M504 256c0 136.967-111.033 248-248 248S8 392.967 8 256 119.033 8 256 8s248 111.033 248 248zM227.314 387.314l184-184c6.248-6.248 6.248-16.379 0-22.627l-22.627-22.627c-6.248-6.249-16.379-6.249-22.628 0L216 308.118l-70.059-70.059c-6.248-6.248-16.379-6.248-22.628 0l-22.627 22.627c-6.248 6.248-6.248 16.379 0 22.627l104 104c6.249 6.249 16.379 6.249 22.628.001z\"><\/path><\/svg>\t\t\t\t\t\t<\/span>\n\t\t\t\t\t\t\t\t\t\t<span class=\"elementor-icon-list-text\">Conseil en investissement : Nos experts vous guident dans l\u2019allocation de vos actifs en fonction de votre profil de risque et des tendances du march\u00e9, avec pour objectif d\u2019optimiser vos rendements tout en ma\u00eetrisant les risques.<\/span>\n\t\t\t\t\t\t\t\t\t<\/li>\n\t\t\t\t\t\t\t\t<li class=\"elementor-icon-list-item\">\n\t\t\t\t\t\t\t\t\t\t\t<span class=\"elementor-icon-list-icon\">\n\t\t\t\t\t\t\t<svg aria-hidden=\"true\" class=\"e-font-icon-svg e-fas-check-circle\" viewBox=\"0 0 512 512\" xmlns=\"http:\/\/www.w3.org\/2000\/svg\"><path d=\"M504 256c0 136.967-111.033 248-248 248S8 392.967 8 256 119.033 8 256 8s248 111.033 248 248zM227.314 387.314l184-184c6.248-6.248 6.248-16.379 0-22.627l-22.627-22.627c-6.248-6.249-16.379-6.249-22.628 0L216 308.118l-70.059-70.059c-6.248-6.248-16.379-6.248-22.628 0l-22.627 22.627c-6.248 6.248-6.248 16.379 0 22.627l104 104c6.249 6.249 16.379 6.249 22.628.001z\"><\/path><\/svg>\t\t\t\t\t\t<\/span>\n\t\t\t\t\t\t\t\t\t\t<span class=\"elementor-icon-list-text\">\u00c9valuation d\u2019entreprise et valorisation de titres : Nous r\u00e9alisons des \u00e9valuations pr\u00e9cises pour les fusions, acquisitions, cessions et introductions en bourse. Nos analyses permettent de prendre des d\u00e9cisions \u00e9clair\u00e9es sur la valeur des actifs et la strat\u00e9gie \u00e0 adopter.<\/span>\n\t\t\t\t\t\t\t\t\t<\/li>\n\t\t\t\t\t\t\t\t<li class=\"elementor-icon-list-item\">\n\t\t\t\t\t\t\t\t\t\t\t<span class=\"elementor-icon-list-icon\">\n\t\t\t\t\t\t\t<svg aria-hidden=\"true\" class=\"e-font-icon-svg e-fas-check-circle\" viewBox=\"0 0 512 512\" xmlns=\"http:\/\/www.w3.org\/2000\/svg\"><path d=\"M504 256c0 136.967-111.033 248-248 248S8 392.967 8 256 119.033 8 256 8s248 111.033 248 248zM227.314 387.314l184-184c6.248-6.248 6.248-16.379 0-22.627l-22.627-22.627c-6.248-6.249-16.379-6.249-22.628 0L216 308.118l-70.059-70.059c-6.248-6.248-16.379-6.248-22.628 0l-22.627 22.627c-6.248 6.248-6.248 16.379 0 22.627l104 104c6.249 6.249 16.379 6.249 22.628.001z\"><\/path><\/svg>\t\t\t\t\t\t<\/span>\n\t\t\t\t\t\t\t\t\t\t<span class=\"elementor-icon-list-text\">Accompagnement strat\u00e9gique : Nous assistons nos clients dans la pr\u00e9paration d\u2019appels publics \u00e0 l\u2019\u00e9pargne (APE) et d\u2019autres op\u00e9rations de march\u00e9, en offrant des conseils sur la structuration et la mise en \u0153uvre des projets financiers complexes.<\/span>\n\t\t\t\t\t\t\t\t\t<\/li>\n\t\t\t\t\t\t\t\t<li class=\"elementor-icon-list-item\">\n\t\t\t\t\t\t\t\t\t\t\t<span class=\"elementor-icon-list-icon\">\n\t\t\t\t\t\t\t<svg aria-hidden=\"true\" class=\"e-font-icon-svg e-fas-check-circle\" viewBox=\"0 0 512 512\" xmlns=\"http:\/\/www.w3.org\/2000\/svg\"><path d=\"M504 256c0 136.967-111.033 248-248 248S8 392.967 8 256 119.033 8 256 8s248 111.033 248 248zM227.314 387.314l184-184c6.248-6.248 6.248-16.379 0-22.627l-22.627-22.627c-6.248-6.249-16.379-6.249-22.628 0L216 308.118l-70.059-70.059c-6.248-6.248-16.379-6.248-22.628 0l-22.627 22.627c-6.248 6.248-6.248 16.379 0 22.627l104 104c6.249 6.249 16.379 6.249 22.628.001z\"><\/path><\/svg>\t\t\t\t\t\t<\/span>\n\t\t\t\t\t\t\t\t\t\t<span class=\"elementor-icon-list-text\">Op\u00e9rations de haut de bilan : Nous accompagnons les augmentations de capital, les \u00e9missions obligataires et les restructurations financi\u00e8res afin d\u2019assurer le succ\u00e8s de vos op\u00e9rations strat\u00e9giques.<\/span>\n\t\t\t\t\t\t\t\t\t<\/li>\n\t\t\t\t\t\t<\/ul>\n\t\t\t\t\t\t<\/div>\n\t\t<div class=\"elementor-element elementor-element-f68b099 e-con-full e-flex e-con e-child\" data-id=\"f68b099\" data-element_type=\"container\">\n\t\t\t\t<div class=\"elementor-element elementor-element-d3237c1 elementor-widget elementor-widget-heading\" data-id=\"d3237c1\" data-element_type=\"widget\" data-widget_type=\"heading.default\">\n\t\t\t\t\t<h2 class=\"elementor-heading-title elementor-size-default\">A qui s'addresse ce service ?<\/h2>\t\t\t\t<\/div>\n\t\t\t\t<div class=\"elementor-element elementor-element-4aa00cd elementor-widget elementor-widget-text-editor\" data-id=\"4aa00cd\" data-element_type=\"widget\" data-widget_type=\"text-editor.default\">\n\t\t\t\t\t\t\t\t\t<p data-start=\"253\" data-end=\"307\">Le <strong data-start=\"256\" data-end=\"277\">Conseil Financier<\/strong> de CCA Bourse s\u2019adresse \u00e0 :<\/p><ul data-start=\"308\" data-end=\"939\"><li data-start=\"308\" data-end=\"462\"><p data-start=\"310\" data-end=\"462\"><strong data-start=\"310\" data-end=\"361\">Entreprises en croissance ou en restructuration<\/strong> : qui souhaitent lever des fonds, r\u00e9organiser leur capital ou pr\u00e9parer une introduction en bourse.<\/p><\/li><li data-start=\"463\" data-end=\"623\"><p data-start=\"465\" data-end=\"623\"><strong data-start=\"465\" data-end=\"498\">Investisseurs institutionnels<\/strong> : recherchant un accompagnement strat\u00e9gique pour optimiser leurs d\u00e9cisions d\u2019investissement et s\u00e9curiser leurs placements.<\/p><\/li><li data-start=\"624\" data-end=\"786\"><p data-start=\"626\" data-end=\"786\"><strong data-start=\"626\" data-end=\"657\">Entrepreneurs et dirigeants<\/strong> : qui ont besoin d\u2019un accompagnement sur mesure pour prendre des d\u00e9cisions financi\u00e8res complexes et align\u00e9es avec leur vision.<\/p><\/li><li data-start=\"787\" data-end=\"939\"><p data-start=\"789\" data-end=\"939\"><strong data-start=\"789\" data-end=\"814\">Particuliers fortun\u00e9s<\/strong> : qui souhaitent b\u00e9n\u00e9ficier d\u2019une gestion professionnelle de leurs actifs et d\u2019une planification financi\u00e8re personnalis\u00e9e.<\/p><\/li><\/ul><p data-start=\"941\" data-end=\"1047\"><em data-start=\"941\" data-end=\"1045\">B\u00e9n\u00e9fice client : chaque d\u00e9cision est s\u00e9curis\u00e9e, optimis\u00e9e et adapt\u00e9e \u00e0 votre profil et vos objectifs.<\/em><\/p>\t\t\t\t\t\t\t\t<\/div>\n\t\t\t\t<\/div>\n\t\t\t\t<\/div>\n\t\t<div class=\"elementor-element elementor-element-eec04ce e-con-full e-flex e-con e-child\" data-id=\"eec04ce\" data-element_type=\"container\" data-settings=\"{&quot;sticky&quot;:&quot;top&quot;,&quot;sticky_offset&quot;:80,&quot;sticky_parent&quot;:&quot;yes&quot;,&quot;sticky_on&quot;:[&quot;desktop&quot;,&quot;tablet&quot;,&quot;mobile&quot;],&quot;sticky_effects_offset&quot;:0,&quot;sticky_anchor_link_offset&quot;:0}\">\n\t\t\t\t<div class=\"elementor-element elementor-element-e8eee9b elementor-grid-1 elementor-grid-tablet-2 elementor-grid-mobile-1 elementor-posts--thumbnail-top elementor-widget elementor-widget-posts\" data-id=\"e8eee9b\" data-element_type=\"widget\" data-settings=\"{&quot;classic_columns&quot;:&quot;1&quot;,&quot;classic_columns_tablet&quot;:&quot;2&quot;,&quot;classic_columns_mobile&quot;:&quot;1&quot;,&quot;classic_row_gap&quot;:{&quot;unit&quot;:&quot;px&quot;,&quot;size&quot;:35,&quot;sizes&quot;:[]},&quot;classic_row_gap_tablet&quot;:{&quot;unit&quot;:&quot;px&quot;,&quot;size&quot;:&quot;&quot;,&quot;sizes&quot;:[]},&quot;classic_row_gap_mobile&quot;:{&quot;unit&quot;:&quot;px&quot;,&quot;size&quot;:&quot;&quot;,&quot;sizes&quot;:[]}}\" data-widget_type=\"posts.classic\">\n\t\t\t\t<div class=\"elementor-widget-container\">\n\t\t\t\t\t\t\t<div class=\"elementor-posts-container elementor-posts elementor-posts--skin-classic elementor-grid\" role=\"list\">\n\t\t\t\t<article class=\"elementor-post elementor-grid-item post-6481 post type-post status-publish format-standard has-post-thumbnail hentry category-news entry has-media\" role=\"listitem\">\n\t\t\t\t<a class=\"elementor-post__thumbnail__link\" href=\"https:\/\/cca-bourse.com\/index.php\/2025\/11\/20\/introduction-en-bourse-de-bgfi-holding-corporation\/\" tabindex=\"-1\" >\n\t\t\t<div class=\"elementor-post__thumbnail\"><img decoding=\"async\" width=\"216\" height=\"300\" src=\"https:\/\/cca-bourse.com\/wp-content\/uploads\/2025\/12\/Couverure-doc-dinformation-CCA@3x-216x300.webp\" class=\"attachment-medium size-medium wp-image-6499\" alt=\"\" srcset=\"https:\/\/cca-bourse.com\/wp-content\/uploads\/2025\/12\/Couverure-doc-dinformation-CCA@3x-216x300.webp 216w, https:\/\/cca-bourse.com\/wp-content\/uploads\/2025\/12\/Couverure-doc-dinformation-CCA@3x-738x1024.webp 738w, https:\/\/cca-bourse.com\/wp-content\/uploads\/2025\/12\/Couverure-doc-dinformation-CCA@3x-768x1065.webp 768w, https:\/\/cca-bourse.com\/wp-content\/uploads\/2025\/12\/Couverure-doc-dinformation-CCA@3x-1107x1536.webp 1107w, https:\/\/cca-bourse.com\/wp-content\/uploads\/2025\/12\/Couverure-doc-dinformation-CCA@3x-1477x2048.webp 1477w, https:\/\/cca-bourse.com\/wp-content\/uploads\/2025\/12\/Couverure-doc-dinformation-CCA@3x-1320x1831.webp 1320w, https:\/\/cca-bourse.com\/wp-content\/uploads\/2025\/12\/Couverure-doc-dinformation-CCA@3x-scaled.webp 1846w\" sizes=\"(max-width: 216px) 100vw, 216px\" \/><\/div>\n\t\t<\/a>\n\t\t\t\t<div class=\"elementor-post__text\">\n\t\t\t\t<h3 class=\"elementor-post__title\">\n\t\t\t<a href=\"https:\/\/cca-bourse.com\/index.php\/2025\/11\/20\/introduction-en-bourse-de-bgfi-holding-corporation\/\" >\n\t\t\t\tIntroduction en Bourse de BGFI Holding Corporation\t\t\t<\/a>\n\t\t<\/h3>\n\t\t\t\t<div class=\"elementor-post__meta-data\">\n\t\t\t\t\t<span class=\"elementor-post-date\">\n\t\t\t20 novembre 2025\t\t<\/span>\n\t\t\t\t<\/div>\n\t\t\n\t\t<a class=\"elementor-post__read-more\" href=\"https:\/\/cca-bourse.com\/index.php\/2025\/11\/20\/introduction-en-bourse-de-bgfi-holding-corporation\/\" aria-label=\"En savoir plus sur Introduction en Bourse de BGFI Holding Corporation\" tabindex=\"-1\" >\n\t\t\tLire la suite \u00bb\t\t<\/a>\n\n\t\t\t\t<\/div>\n\t\t\t\t<\/article>\n\t\t\t\t<article class=\"elementor-post elementor-grid-item post-6248 post type-post status-publish format-standard has-post-thumbnail hentry category-news entry has-media\" role=\"listitem\">\n\t\t\t\t<a class=\"elementor-post__thumbnail__link\" href=\"https:\/\/cca-bourse.com\/index.php\/2025\/11\/19\/gabon-le-projet-de-loi-de-finances-2026-bondit-a-7-2333-milliards-fcfa-72\/\" tabindex=\"-1\" >\n\t\t\t<div class=\"elementor-post__thumbnail\"><img decoding=\"async\" width=\"300\" height=\"196\" src=\"https:\/\/cca-bourse.com\/wp-content\/uploads\/2025\/11\/Frame-1000002591-300x196.png\" class=\"attachment-medium size-medium wp-image-6249\" alt=\"\" srcset=\"https:\/\/cca-bourse.com\/wp-content\/uploads\/2025\/11\/Frame-1000002591-300x196.png 300w, https:\/\/cca-bourse.com\/wp-content\/uploads\/2025\/11\/Frame-1000002591.png 405w\" sizes=\"(max-width: 300px) 100vw, 300px\" \/><\/div>\n\t\t<\/a>\n\t\t\t\t<div class=\"elementor-post__text\">\n\t\t\t\t<h3 class=\"elementor-post__title\">\n\t\t\t<a href=\"https:\/\/cca-bourse.com\/index.php\/2025\/11\/19\/gabon-le-projet-de-loi-de-finances-2026-bondit-a-7-2333-milliards-fcfa-72\/\" >\n\t\t\t\tGabon : le projet de loi de finances 2026 bondit \u00e0 7\u202f233,3\u202fmilliards\u202fFCFA, +72\u202f%\t\t\t<\/a>\n\t\t<\/h3>\n\t\t\t\t<div class=\"elementor-post__meta-data\">\n\t\t\t\t\t<span class=\"elementor-post-date\">\n\t\t\t19 novembre 2025\t\t<\/span>\n\t\t\t\t<\/div>\n\t\t\n\t\t<a class=\"elementor-post__read-more\" href=\"https:\/\/cca-bourse.com\/index.php\/2025\/11\/19\/gabon-le-projet-de-loi-de-finances-2026-bondit-a-7-2333-milliards-fcfa-72\/\" aria-label=\"En savoir plus sur Gabon : le projet de loi de finances 2026 bondit \u00e0 7\u202f233,3\u202fmilliards\u202fFCFA, +72\u202f%\" tabindex=\"-1\" >\n\t\t\tLire la suite \u00bb\t\t<\/a>\n\n\t\t\t\t<\/div>\n\t\t\t\t<\/article>\n\t\t\t\t<\/div>\n\t\t\n\t\t\t\t\t\t<\/div>\n\t\t\t\t<\/div>\n\t\t\t\t<\/div>\n\t\t\t\t\t<\/div>\n\t\t\t\t<\/div>\n\t\t\t\t<\/div>\n\t\t","protected":false},"excerpt":{"rendered":"<p>Accueil Conseil Financier : un accompagnement strat\u00e9gique sur mesure Chez CCA Bourse, nous accompagnons nos clients dans la structuration, l\u2019optimisation<\/p>\n","protected":false},"author":2,"featured_media":0,"parent":0,"menu_order":0,"comment_status":"closed","ping_status":"closed","template":"","meta":{"_acf_changed":false,"ocean_post_layout":"","ocean_both_sidebars_style":"","ocean_both_sidebars_content_width":0,"ocean_both_sidebars_sidebars_width":0,"ocean_sidebar":"","ocean_second_sidebar":"","ocean_disable_margins":"enable","ocean_add_body_class":"","ocean_shortcode_before_top_bar":"","ocean_shortcode_after_top_bar":"","ocean_shortcode_before_header":"","ocean_shortcode_after_header":"","ocean_has_shortcode":"","ocean_shortcode_after_title":"","ocean_shortcode_before_footer_widgets":"","ocean_shortcode_after_footer_widgets":"","ocean_shortcode_before_footer_bottom":"","ocean_shortcode_after_footer_bottom":"","ocean_display_top_bar":"default","ocean_display_header":"default","ocean_header_style":"","ocean_center_header_left_menu":"","ocean_custom_header_template":"","ocean_custom_logo":0,"ocean_custom_retina_logo":0,"ocean_custom_logo_max_width":0,"ocean_custom_logo_tablet_max_width":0,"ocean_custom_logo_mobile_max_width":0,"ocean_custom_logo_max_height":0,"ocean_custom_logo_tablet_max_height":0,"ocean_custom_logo_mobile_max_height":0,"ocean_header_custom_menu":"","ocean_menu_typo_font_family":"","ocean_menu_typo_font_subset":"","ocean_menu_typo_font_size":0,"ocean_menu_typo_font_size_tablet":0,"ocean_menu_typo_font_size_mobile":0,"ocean_menu_typo_font_size_unit":"px","ocean_menu_typo_font_weight":"","ocean_menu_typo_font_weight_tablet":"","ocean_menu_typo_font_weight_mobile":"","ocean_menu_typo_transform":"","ocean_menu_typo_transform_tablet":"","ocean_menu_typo_transform_mobile":"","ocean_menu_typo_line_height":0,"ocean_menu_typo_line_height_tablet":0,"ocean_menu_typo_line_height_mobile":0,"ocean_menu_typo_line_height_unit":"","ocean_menu_typo_spacing":0,"ocean_menu_typo_spacing_tablet":0,"ocean_menu_typo_spacing_mobile":0,"ocean_menu_typo_spacing_unit":"","ocean_menu_link_color":"","ocean_menu_link_color_hover":"","ocean_menu_link_color_active":"","ocean_menu_link_background":"","ocean_menu_link_hover_background":"","ocean_menu_link_active_background":"","ocean_menu_social_links_bg":"","ocean_menu_social_hover_links_bg":"","ocean_menu_social_links_color":"","ocean_menu_social_hover_links_color":"","ocean_disable_title":"on","ocean_disable_heading":"default","ocean_post_title":"","ocean_post_subheading":"","ocean_post_title_style":"","ocean_post_title_background_color":"","ocean_post_title_background":0,"ocean_post_title_bg_image_position":"","ocean_post_title_bg_image_attachment":"","ocean_post_title_bg_image_repeat":"","ocean_post_title_bg_image_size":"","ocean_post_title_height":0,"ocean_post_title_bg_overlay":0.5,"ocean_post_title_bg_overlay_color":"","ocean_disable_breadcrumbs":"default","ocean_breadcrumbs_color":"","ocean_breadcrumbs_separator_color":"","ocean_breadcrumbs_links_color":"","ocean_breadcrumbs_links_hover_color":"","ocean_display_footer_widgets":"default","ocean_display_footer_bottom":"default","ocean_custom_footer_template":"","_joinchat":[],"footnotes":""},"class_list":["post-2744","page","type-page","status-publish","hentry","entry","has-media"],"acf":[],"_links":{"self":[{"href":"https:\/\/cca-bourse.com\/index.php\/wp-json\/wp\/v2\/pages\/2744","targetHints":{"allow":["GET"]}}],"collection":[{"href":"https:\/\/cca-bourse.com\/index.php\/wp-json\/wp\/v2\/pages"}],"about":[{"href":"https:\/\/cca-bourse.com\/index.php\/wp-json\/wp\/v2\/types\/page"}],"author":[{"embeddable":true,"href":"https:\/\/cca-bourse.com\/index.php\/wp-json\/wp\/v2\/users\/2"}],"replies":[{"embeddable":true,"href":"https:\/\/cca-bourse.com\/index.php\/wp-json\/wp\/v2\/comments?post=2744"}],"version-history":[{"count":72,"href":"https:\/\/cca-bourse.com\/index.php\/wp-json\/wp\/v2\/pages\/2744\/revisions"}],"predecessor-version":[{"id":6826,"href":"https:\/\/cca-bourse.com\/index.php\/wp-json\/wp\/v2\/pages\/2744\/revisions\/6826"}],"wp:attachment":[{"href":"https:\/\/cca-bourse.com\/index.php\/wp-json\/wp\/v2\/media?parent=2744"}],"curies":[{"name":"wp","href":"https:\/\/api.w.org\/{rel}","templated":true}]}}