{"id":111,"date":"2025-07-15T22:34:56","date_gmt":"2025-07-15T20:34:56","guid":{"rendered":"http:\/\/ccabourse.test\/?page_id=111"},"modified":"2025-12-12T18:22:40","modified_gmt":"2025-12-12T17:22:40","slug":"a-propos","status":"publish","type":"page","link":"https:\/\/cca-bourse.com\/index.php\/a-propos\/","title":{"rendered":"\u00c0 propos de nous"},"content":{"rendered":"\t\t<div data-elementor-type=\"wp-page\" data-elementor-id=\"111\" class=\"elementor elementor-111\" data-elementor-post-type=\"page\">\n\t\t\t\t<div class=\"elementor-element elementor-element-0300322 e-con-full e-flex e-con e-parent\" data-id=\"0300322\" data-element_type=\"container\" data-settings=\"{&quot;background_background&quot;:&quot;classic&quot;}\">\n\t\t<div class=\"elementor-element elementor-element-5d0001d e-con-full e-flex e-con e-child\" data-id=\"5d0001d\" data-element_type=\"container\" data-settings=\"{&quot;background_background&quot;:&quot;gradient&quot;}\">\n\t\t\t\t<div class=\"elementor-element elementor-element-d2bcf85 elementor-widget elementor-widget-hfe-breadcrumbs-widget\" data-id=\"d2bcf85\" data-element_type=\"widget\" data-widget_type=\"hfe-breadcrumbs-widget.default\">\n\t\t\t\t<div class=\"elementor-widget-container\">\n\t\t\t\t\t<nav aria-label=\"Breadcrumb\"><ul class=\"hfe-breadcrumbs hfe-breadcrumbs-show-home\"><li class=\"hfe-breadcrumbs-item hfe-breadcrumbs-first\"><span class=\"hfe-breadcrumbs-home-icon\"><\/span><a href=\"https:\/\/cca-bourse.com\"><span class=\"hfe-breadcrumbs-text\">Accueil<\/span><\/a><\/li><\/ul><\/nav>\t\t\t\t<\/div>\n\t\t\t\t<\/div>\n\t\t\t\t<\/div>\n\t\t\t\t<\/div>\n\t\t<div class=\"elementor-element elementor-element-128c202a e-flex e-con-boxed e-con e-parent\" data-id=\"128c202a\" data-element_type=\"container\">\n\t\t\t\t\t<div class=\"e-con-inner\">\n\t\t<div class=\"elementor-element elementor-element-62ea3014 e-con-full e-flex e-con e-child\" data-id=\"62ea3014\" data-element_type=\"container\">\n\t\t\t\t<div class=\"elementor-element elementor-element-5406321e elementor-widget elementor-widget-wcf--text\" data-id=\"5406321e\" data-element_type=\"widget\" data-widget_type=\"wcf--text.default\">\n\t\t\t\t<div class=\"elementor-widget-container\">\n\t\t\t\t\t<div class=\"wcf--text\"><h2 class=\"elementor-heading-title elementor-size-default\">Qui sommes nous ?<\/h2><\/div>\t\t\t\t<\/div>\n\t\t\t\t<\/div>\n\t\t\t\t<div class=\"elementor-element elementor-element-28b5135f elementor-widget elementor-widget-wcf--title\" data-id=\"28b5135f\" data-element_type=\"widget\" data-widget_type=\"wcf--title.default\">\n\t\t\t\t<div class=\"elementor-widget-container\">\n\t\t\t\t\t<h2 class=\"wcf--title\">CCA BOURSE la filiale  <span class=\"highlight\">sp\u00e9cialis\u00e9e <\/span> du groupe CCA BANK d\u00e9di\u00e9e \u00e0 l\u2019Interm\u00e9diation et \u00e0 l\u2019Ing\u00e9nierie Financi\u00e8re<\/h2>\t\t\t\t<\/div>\n\t\t\t\t<\/div>\n\t\t\t\t<div class=\"elementor-element elementor-element-4f8ebac4 elementor-widget__width-inherit elementor-widget elementor-widget-wcf--text\" data-id=\"4f8ebac4\" data-element_type=\"widget\" data-widget_type=\"wcf--text.default\">\n\t\t\t\t<div class=\"elementor-widget-container\">\n\t\t\t\t\t<div class=\"wcf--text\"><p>agr\u00e9\u00e9e par la Commission de Surveillance du March\u00e9 Financier de l\u2019Afrique Centrale (COSUMAF) sous le num\u00e9ro COSUMAF-SDB-01\/2022.<br \/>Acteur engag\u00e9 au service du d\u00e9veloppement du march\u00e9 financier de la CEMAC, CCA BOURSE accompagne les \u00c9tats, les entreprises et les investisseurs dans la mobilisation de capitaux et l\u2019acc\u00e8s aux opportunit\u00e9s d\u2019investissement offertes par la r\u00e9gion.<\/p><p>Gr\u00e2ce \u00e0 une organisation robuste, \u00e0 des \u00e9quipes exp\u00e9riment\u00e9es et \u00e0 des outils technologiques de derni\u00e8re g\u00e9n\u00e9ration, CCA BOURSE op\u00e8re avec rigueur, transparence et professionnalisme sur l\u2019ensemble des segments du march\u00e9 : interm\u00e9diation boursi\u00e8re, placement et structuration de titres publics et priv\u00e9s, ing\u00e9nierie financi\u00e8re, conseil en financement et gestion de la relation investisseurs.<\/p><\/div>\t\t\t\t<\/div>\n\t\t\t\t<\/div>\n\t\t\t\t<\/div>\n\t\t<div class=\"elementor-element elementor-element-d37895d e-con-full e-flex e-con e-child\" data-id=\"d37895d\" data-element_type=\"container\">\n\t\t\t\t<div class=\"elementor-element elementor-element-9f659e1 elementor-widget elementor-widget-wcf--image\" data-id=\"9f659e1\" data-element_type=\"widget\" data-widget_type=\"wcf--image.default\">\n\t\t\t\t<div class=\"elementor-widget-container\">\n\t\t\t\t\t\t\t<div class=\"wcf--image\">\r\n\t\t\t\t\t\t\t<img fetchpriority=\"high\" decoding=\"async\" width=\"2423\" height=\"2560\" src=\"https:\/\/cca-bourse.com\/wp-content\/uploads\/2025\/10\/EmptyName35-scaled.jpg\" class=\"attachment-full size-full wp-image-6047\" alt=\"\" srcset=\"https:\/\/cca-bourse.com\/wp-content\/uploads\/2025\/10\/EmptyName35-scaled.jpg 2423w, https:\/\/cca-bourse.com\/wp-content\/uploads\/2025\/10\/EmptyName35-284x300.jpg 284w, https:\/\/cca-bourse.com\/wp-content\/uploads\/2025\/10\/EmptyName35-969x1024.jpg 969w, https:\/\/cca-bourse.com\/wp-content\/uploads\/2025\/10\/EmptyName35-768x812.jpg 768w, https:\/\/cca-bourse.com\/wp-content\/uploads\/2025\/10\/EmptyName35-1454x1536.jpg 1454w, https:\/\/cca-bourse.com\/wp-content\/uploads\/2025\/10\/EmptyName35-1938x2048.jpg 1938w\" sizes=\"(max-width: 2423px) 100vw, 2423px\" \/>\t\t\t\t\t\t<\/div>\r\n\t\t\t\t\t\t<\/div>\n\t\t\t\t<\/div>\n\t\t\t\t<div class=\"elementor-element elementor-element-4ae213cf elementor-absolute elementor-hidden-tablet elementor-hidden-mobile elementor-widget elementor-widget-wcf--image\" data-id=\"4ae213cf\" data-element_type=\"widget\" data-settings=\"{&quot;_position&quot;:&quot;absolute&quot;}\" data-widget_type=\"wcf--image.default\">\n\t\t\t\t<div class=\"elementor-widget-container\">\n\t\t\t\t\t\t\t<div class=\"wcf--image\">\r\n\t\t\t\t\t\t\t<img decoding=\"async\" width=\"1707\" height=\"2560\" src=\"https:\/\/cca-bourse.com\/wp-content\/uploads\/2025\/12\/EmptyName27-scaled.jpg\" class=\"attachment-full size-full wp-image-6866\" alt=\"\" srcset=\"https:\/\/cca-bourse.com\/wp-content\/uploads\/2025\/12\/EmptyName27-scaled.jpg 1707w, https:\/\/cca-bourse.com\/wp-content\/uploads\/2025\/12\/EmptyName27-200x300.jpg 200w, https:\/\/cca-bourse.com\/wp-content\/uploads\/2025\/12\/EmptyName27-683x1024.jpg 683w, https:\/\/cca-bourse.com\/wp-content\/uploads\/2025\/12\/EmptyName27-768x1152.jpg 768w, https:\/\/cca-bourse.com\/wp-content\/uploads\/2025\/12\/EmptyName27-1024x1536.jpg 1024w, https:\/\/cca-bourse.com\/wp-content\/uploads\/2025\/12\/EmptyName27-1365x2048.jpg 1365w, https:\/\/cca-bourse.com\/wp-content\/uploads\/2025\/12\/EmptyName27-1320x1980.jpg 1320w\" sizes=\"(max-width: 1707px) 100vw, 1707px\" \/>\t\t\t\t\t\t<\/div>\r\n\t\t\t\t\t\t<\/div>\n\t\t\t\t<\/div>\n\t\t\t\t<\/div>\n\t\t\t\t\t<\/div>\n\t\t\t\t<\/div>\n\t\t<div class=\"elementor-element elementor-element-d139a08 e-flex e-con-boxed e-con e-parent\" data-id=\"d139a08\" data-element_type=\"container\" data-settings=\"{&quot;background_background&quot;:&quot;classic&quot;,&quot;animation&quot;:&quot;none&quot;}\">\n\t\t\t\t\t<div class=\"e-con-inner\">\n\t\t<div class=\"elementor-element elementor-element-166d705 e-grid e-con-full e-con e-child\" data-id=\"166d705\" data-element_type=\"container\" data-settings=\"{&quot;background_background&quot;:&quot;classic&quot;}\">\n\t\t<div class=\"elementor-element elementor-element-ba2fa05 e-con-full e-flex e-con e-child\" data-id=\"ba2fa05\" data-element_type=\"container\">\n\t\t\t\t<div class=\"elementor-element elementor-element-28defb0 elementor-widget elementor-widget-heading\" data-id=\"28defb0\" data-element_type=\"widget\" data-widget_type=\"heading.default\">\n\t\t\t\t\t<h2 class=\"elementor-heading-title elementor-size-default\">Pourquoi nous choisir ?<\/h2>\t\t\t\t<\/div>\n\t\t\t\t<div class=\"elementor-element elementor-element-f1bfd8c elementor-widget elementor-widget-text-editor\" data-id=\"f1bfd8c\" data-element_type=\"widget\" data-widget_type=\"text-editor.default\">\n\t\t\t\t\t\t\t\t\t<p>Avec CCA Bourse, vous ne suivez pas les tendances : vous les anticipez. Investissez autrement. Investissez intelligemment<\/p>\t\t\t\t\t\t\t\t<\/div>\n\t\t\t\t<\/div>\n\t\t<div class=\"elementor-element elementor-element-0387e64 e-con-full e-flex e-con e-child\" data-id=\"0387e64\" data-element_type=\"container\" data-settings=\"{&quot;background_background&quot;:&quot;classic&quot;}\">\n\t\t\t\t<div class=\"elementor-element elementor-element-5cfc2c2 elementor-widget elementor-widget-heading\" data-id=\"5cfc2c2\" data-element_type=\"widget\" data-widget_type=\"heading.default\">\n\t\t\t\t\t<h2 class=\"elementor-heading-title elementor-size-default\">01<\/h2>\t\t\t\t<\/div>\n\t\t\t\t<div class=\"elementor-element elementor-element-c556b57 elementor-widget elementor-widget-text-editor\" data-id=\"c556b57\" data-element_type=\"widget\" data-widget_type=\"text-editor.default\">\n\t\t\t\t\t\t\t\t\t<p>Une expertise reconnue des march\u00e9s financiers<\/p>\t\t\t\t\t\t\t\t<\/div>\n\t\t\t\t<\/div>\n\t\t<div class=\"elementor-element elementor-element-862572b e-con-full e-flex e-con e-child\" data-id=\"862572b\" data-element_type=\"container\" data-settings=\"{&quot;background_background&quot;:&quot;classic&quot;}\">\n\t\t\t\t<div class=\"elementor-element elementor-element-65e0024 elementor-widget elementor-widget-heading\" data-id=\"65e0024\" data-element_type=\"widget\" data-widget_type=\"heading.default\">\n\t\t\t\t\t<h2 class=\"elementor-heading-title elementor-size-default\">02<\/h2>\t\t\t\t<\/div>\n\t\t\t\t<div class=\"elementor-element elementor-element-c0ede7b elementor-widget elementor-widget-text-editor\" data-id=\"c0ede7b\" data-element_type=\"widget\" data-widget_type=\"text-editor.default\">\n\t\t\t\t\t\t\t\t\t<p>Des solutions d\u2019investissement sur mesure<\/p>\t\t\t\t\t\t\t\t<\/div>\n\t\t\t\t<\/div>\n\t\t<div class=\"elementor-element elementor-element-a679454 e-con-full e-flex e-con e-child\" data-id=\"a679454\" data-element_type=\"container\" data-settings=\"{&quot;background_background&quot;:&quot;classic&quot;}\">\n\t\t\t\t<div class=\"elementor-element elementor-element-ecf7d31 elementor-widget elementor-widget-heading\" data-id=\"ecf7d31\" data-element_type=\"widget\" data-widget_type=\"heading.default\">\n\t\t\t\t\t<h2 class=\"elementor-heading-title elementor-size-default\">03<\/h2>\t\t\t\t<\/div>\n\t\t\t\t<div class=\"elementor-element elementor-element-989ac7a elementor-widget elementor-widget-text-editor\" data-id=\"989ac7a\" data-element_type=\"widget\" data-widget_type=\"text-editor.default\">\n\t\t\t\t\t\t\t\t\t<p>Une approche transparente et p\u00e9dagogique<\/p>\t\t\t\t\t\t\t\t<\/div>\n\t\t\t\t<\/div>\n\t\t<div class=\"elementor-element elementor-element-fd4ffe6 e-con-full e-flex e-con e-child\" data-id=\"fd4ffe6\" data-element_type=\"container\" data-settings=\"{&quot;background_background&quot;:&quot;classic&quot;}\">\n\t\t\t\t<div class=\"elementor-element elementor-element-048ac38 elementor-widget elementor-widget-heading\" data-id=\"048ac38\" data-element_type=\"widget\" data-widget_type=\"heading.default\">\n\t\t\t\t\t<h2 class=\"elementor-heading-title elementor-size-default\">04<\/h2>\t\t\t\t<\/div>\n\t\t\t\t<div class=\"elementor-element elementor-element-181581c elementor-widget elementor-widget-text-editor\" data-id=\"181581c\" data-element_type=\"widget\" data-widget_type=\"text-editor.default\">\n\t\t\t\t\t\t\t\t\t<p>Un accompagnement humain et de proximit\u00e9<\/p>\t\t\t\t\t\t\t\t<\/div>\n\t\t\t\t<\/div>\n\t\t<div class=\"elementor-element elementor-element-e692245 e-con-full e-flex e-con e-child\" data-id=\"e692245\" data-element_type=\"container\" data-settings=\"{&quot;background_background&quot;:&quot;classic&quot;}\">\n\t\t\t\t<div class=\"elementor-element elementor-element-8a7ef63 elementor-widget elementor-widget-heading\" data-id=\"8a7ef63\" data-element_type=\"widget\" data-widget_type=\"heading.default\">\n\t\t\t\t\t<h2 class=\"elementor-heading-title elementor-size-default\">05<\/h2>\t\t\t\t<\/div>\n\t\t\t\t<div class=\"elementor-element elementor-element-1f7fc6e elementor-widget elementor-widget-text-editor\" data-id=\"1f7fc6e\" data-element_type=\"widget\" data-widget_type=\"text-editor.default\">\n\t\t\t\t\t\t\t\t\t<p>Assistance 24h\/7<\/p>\t\t\t\t\t\t\t\t<\/div>\n\t\t\t\t<\/div>\n\t\t\t\t<\/div>\n\t\t\t\t\t<\/div>\n\t\t\t\t<\/div>\n\t\t<div class=\"elementor-element elementor-element-5149722 e-flex e-con-boxed elementor-invisible e-con e-parent\" data-id=\"5149722\" data-element_type=\"container\" data-settings=\"{&quot;background_background&quot;:&quot;classic&quot;,&quot;animation&quot;:&quot;fadeInUp&quot;}\">\n\t\t\t\t\t<div class=\"e-con-inner\">\n\t\t<div class=\"elementor-element elementor-element-6e889b7 e-con-full e-flex e-con e-child\" data-id=\"6e889b7\" data-element_type=\"container\" data-settings=\"{&quot;background_background&quot;:&quot;classic&quot;}\">\n\t\t\t\t<div class=\"elementor-element elementor-element-dc0b770 elementor-widget elementor-widget-heading\" data-id=\"dc0b770\" data-element_type=\"widget\" data-widget_type=\"heading.default\">\n\t\t\t\t\t<h2 class=\"elementor-heading-title elementor-size-default\">Notre zone de couverture<\/h2>\t\t\t\t<\/div>\n\t\t\t\t<div class=\"elementor-element elementor-element-bcc032c elementor-widget elementor-widget-text-editor\" data-id=\"bcc032c\" data-element_type=\"widget\" data-widget_type=\"text-editor.default\">\n\t\t\t\t\t\t\t\t\t<p>Notre activit\u00e9 s\u2019\u00e9tend dans tous les pays membres de la Communaut\u00e9 Economique et Mon\u00e9taire d\u2019Afrique Centrale (CEMAC):<\/p><p>Le Cameroun, le Congo, le Gabon, la Guin\u00e9e Equatoriale, la R\u00e9publique Centrafricaine et le Tchad.<\/p><p>Nous sommes ainsi en mesure de r\u00e9pondre aux besoins de nos partenaires et clients dans toute la r\u00e9gion.<\/p>\t\t\t\t\t\t\t\t<\/div>\n\t\t\t\t<\/div>\n\t\t\t\t<div class=\"elementor-element elementor-element-4a57bcc elementor-widget elementor-widget-image\" data-id=\"4a57bcc\" data-element_type=\"widget\" data-widget_type=\"image.default\">\n\t\t\t\t\t\t\t\t\t\t\t\t\t\t\t<img decoding=\"async\" width=\"1024\" height=\"495\" src=\"https:\/\/cca-bourse.com\/wp-content\/uploads\/2025\/08\/carte-4-2.svg\" class=\"attachment-large size-large wp-image-5702\" alt=\"\" \/>\t\t\t\t\t\t\t\t\t\t\t\t\t\t\t<\/div>\n\t\t\t\t\t<\/div>\n\t\t\t\t<\/div>\n\t\t\t\t<\/div>\n\t\t","protected":false},"excerpt":{"rendered":"<p>Accueil Qui sommes nous ? CCA BOURSE la filiale [sp\u00e9cialis\u00e9e ] du groupe CCA BANK d\u00e9di\u00e9e \u00e0 l\u2019Interm\u00e9diation et \u00e0 [&hellip;]<\/p>\n","protected":false},"author":1,"featured_media":0,"parent":0,"menu_order":0,"comment_status":"closed","ping_status":"closed","template":"elementor_header_footer","meta":{"_acf_changed":false,"ocean_post_layout":"","ocean_both_sidebars_style":"","ocean_both_sidebars_content_width":0,"ocean_both_sidebars_sidebars_width":0,"ocean_sidebar":"","ocean_second_sidebar":"","ocean_disable_margins":"enable","ocean_add_body_class":"","ocean_shortcode_before_top_bar":"","ocean_shortcode_after_top_bar":"","ocean_shortcode_before_header":"","ocean_shortcode_after_header":"","ocean_has_shortcode":"","ocean_shortcode_after_title":"","ocean_shortcode_before_footer_widgets":"","ocean_shortcode_after_footer_widgets":"","ocean_shortcode_before_footer_bottom":"","ocean_shortcode_after_footer_bottom":"","ocean_display_top_bar":"default","ocean_display_header":"default","ocean_header_style":"","ocean_center_header_left_menu":"","ocean_custom_header_template":"","ocean_custom_logo":0,"ocean_custom_retina_logo":0,"ocean_custom_logo_max_width":0,"ocean_custom_logo_tablet_max_width":0,"ocean_custom_logo_mobile_max_width":0,"ocean_custom_logo_max_height":0,"ocean_custom_logo_tablet_max_height":0,"ocean_custom_logo_mobile_max_height":0,"ocean_header_custom_menu":"","ocean_menu_typo_font_family":"","ocean_menu_typo_font_subset":"","ocean_menu_typo_font_size":0,"ocean_menu_typo_font_size_tablet":0,"ocean_menu_typo_font_size_mobile":0,"ocean_menu_typo_font_size_unit":"px","ocean_menu_typo_font_weight":"","ocean_menu_typo_font_weight_tablet":"","ocean_menu_typo_font_weight_mobile":"","ocean_menu_typo_transform":"","ocean_menu_typo_transform_tablet":"","ocean_menu_typo_transform_mobile":"","ocean_menu_typo_line_height":0,"ocean_menu_typo_line_height_tablet":0,"ocean_menu_typo_line_height_mobile":0,"ocean_menu_typo_line_height_unit":"","ocean_menu_typo_spacing":0,"ocean_menu_typo_spacing_tablet":0,"ocean_menu_typo_spacing_mobile":0,"ocean_menu_typo_spacing_unit":"","ocean_menu_link_color":"","ocean_menu_link_color_hover":"","ocean_menu_link_color_active":"","ocean_menu_link_background":"","ocean_menu_link_hover_background":"","ocean_menu_link_active_background":"","ocean_menu_social_links_bg":"","ocean_menu_social_hover_links_bg":"","ocean_menu_social_links_color":"","ocean_menu_social_hover_links_color":"","ocean_disable_title":"on","ocean_disable_heading":"default","ocean_post_title":"","ocean_post_subheading":"","ocean_post_title_style":"","ocean_post_title_background_color":"","ocean_post_title_background":0,"ocean_post_title_bg_image_position":"","ocean_post_title_bg_image_attachment":"","ocean_post_title_bg_image_repeat":"","ocean_post_title_bg_image_size":"","ocean_post_title_height":0,"ocean_post_title_bg_overlay":0.5,"ocean_post_title_bg_overlay_color":"","ocean_disable_breadcrumbs":"default","ocean_breadcrumbs_color":"","ocean_breadcrumbs_separator_color":"","ocean_breadcrumbs_links_color":"","ocean_breadcrumbs_links_hover_color":"","ocean_display_footer_widgets":"default","ocean_display_footer_bottom":"default","ocean_custom_footer_template":"","_joinchat":[],"footnotes":""},"class_list":["post-111","page","type-page","status-publish","hentry","entry"],"acf":[],"_links":{"self":[{"href":"https:\/\/cca-bourse.com\/index.php\/wp-json\/wp\/v2\/pages\/111","targetHints":{"allow":["GET"]}}],"collection":[{"href":"https:\/\/cca-bourse.com\/index.php\/wp-json\/wp\/v2\/pages"}],"about":[{"href":"https:\/\/cca-bourse.com\/index.php\/wp-json\/wp\/v2\/types\/page"}],"author":[{"embeddable":true,"href":"https:\/\/cca-bourse.com\/index.php\/wp-json\/wp\/v2\/users\/1"}],"replies":[{"embeddable":true,"href":"https:\/\/cca-bourse.com\/index.php\/wp-json\/wp\/v2\/comments?post=111"}],"version-history":[{"count":414,"href":"https:\/\/cca-bourse.com\/index.php\/wp-json\/wp\/v2\/pages\/111\/revisions"}],"predecessor-version":[{"id":6869,"href":"https:\/\/cca-bourse.com\/index.php\/wp-json\/wp\/v2\/pages\/111\/revisions\/6869"}],"wp:attachment":[{"href":"https:\/\/cca-bourse.com\/index.php\/wp-json\/wp\/v2\/media?parent=111"}],"curies":[{"name":"wp","href":"https:\/\/api.w.org\/{rel}","templated":true}]}}